{"id":11,"date":"2023-09-11T18:30:59","date_gmt":"2023-09-11T21:30:59","guid":{"rendered":"https:\/\/biposgrado.com\/?page_id=11"},"modified":"2024-03-08T14:44:51","modified_gmt":"2024-03-08T17:44:51","slug":"home","status":"publish","type":"page","link":"https:\/\/biposgrado.com\/","title":{"rendered":"Home"},"content":{"rendered":"\t\t<div data-elementor-type=\"wp-page\" data-elementor-id=\"11\" class=\"elementor elementor-11\" data-elementor-post-type=\"page\">\n\t\t\t\t\t\t\t<div class=\"elementor-element elementor-element-9494b02 e-flex e-con-boxed e-con\" data-id=\"9494b02\" data-element_type=\"container\" data-settings=\"{&quot;background_background&quot;:&quot;classic&quot;,&quot;content_width&quot;:&quot;boxed&quot;}\">\n\t\t\t\t\t<div class=\"e-con-inner\">\n\t\t\t\t<div class=\"elementor-element elementor-element-cea6ad6 elementor-widget elementor-widget-heading\" data-id=\"cea6ad6\" data-element_type=\"widget\" data-widget_type=\"heading.default\">\n\t\t\t\t<div class=\"elementor-widget-container\">\n\t\t\t<style>\/*! elementor - v3.15.0 - 20-08-2023 *\/\n.elementor-heading-title{padding:0;margin:0;line-height:1}.elementor-widget-heading .elementor-heading-title[class*=elementor-size-]>a{color:inherit;font-size:inherit;line-height:inherit}.elementor-widget-heading .elementor-heading-title.elementor-size-small{font-size:15px}.elementor-widget-heading .elementor-heading-title.elementor-size-medium{font-size:19px}.elementor-widget-heading .elementor-heading-title.elementor-size-large{font-size:29px}.elementor-widget-heading .elementor-heading-title.elementor-size-xl{font-size:39px}.elementor-widget-heading .elementor-heading-title.elementor-size-xxl{font-size:59px}<\/style><h2 class=\"elementor-heading-title elementor-size-default\"><h1 style=\"margin-top: 0px; margin-bottom: 0px; font-weight: 700; line-height: 56px; font-size: 48px; font-family: Poppins, sans-serif; color: rgb(255, 255, 255); letter-spacing: normal; text-align: left; white-space-collapse: collapse;\">Bureau Internacional de Posgrado<\/h1><\/h2>\t\t<\/div>\n\t\t\t\t<\/div>\n\t\t\t\t<div class=\"elementor-element elementor-element-1931548 elementor-align-center elementor-widget__width-initial elementor-mobile-align-center elementor-widget-mobile__width-initial elementor-widget elementor-widget-button\" data-id=\"1931548\" data-element_type=\"widget\" data-widget_type=\"button.default\">\n\t\t\t\t<div class=\"elementor-widget-container\">\n\t\t\t\t\t<div class=\"elementor-button-wrapper\">\n\t\t\t<a class=\"elementor-button elementor-button-link elementor-size-sm\" href=\"https:\/\/biposgrado.com\/index.php\/cursos\/\">\n\t\t\t\t\t\t<span class=\"elementor-button-content-wrapper\">\n\t\t\t\t\t\t<span class=\"elementor-button-text\">Nossos Cursos<\/span>\n\t\t<\/span>\n\t\t\t\t\t<\/a>\n\t\t<\/div>\n\t\t\t\t<\/div>\n\t\t\t\t<\/div>\n\t\t\t\t\t<\/div>\n\t\t\t\t<\/div>\n\t\t<div class=\"elementor-element elementor-element-9c1f97d e-flex e-con-boxed e-con\" data-id=\"9c1f97d\" data-element_type=\"container\" data-settings=\"{&quot;content_width&quot;:&quot;boxed&quot;}\">\n\t\t\t\t\t<div class=\"e-con-inner\">\n\t\t\t\t<div class=\"elementor-element elementor-element-43c29c6 elementor-widget__width-initial elementor-widget elementor-widget-video\" data-id=\"43c29c6\" data-element_type=\"widget\" data-settings=\"{&quot;video_type&quot;:&quot;hosted&quot;,&quot;controls&quot;:&quot;yes&quot;}\" data-widget_type=\"video.default\">\n\t\t\t\t<div class=\"elementor-widget-container\">\n\t\t\t<style>\/*! elementor - v3.15.0 - 20-08-2023 *\/\n.elementor-widget-video .elementor-widget-container{overflow:hidden;transform:translateZ(0)}.elementor-widget-video .elementor-wrapper{aspect-ratio:var(--video-aspect-ratio)}.elementor-widget-video .elementor-wrapper iframe,.elementor-widget-video .elementor-wrapper video{height:100%;width:100%;display:flex;border:none;background-color:#000}@supports not (aspect-ratio:1\/1){.elementor-widget-video .elementor-wrapper{position:relative;overflow:hidden;height:0;padding-bottom:calc(100% \/ var(--video-aspect-ratio))}.elementor-widget-video .elementor-wrapper iframe,.elementor-widget-video .elementor-wrapper video{position:absolute;top:0;right:0;bottom:0;left:0}}.elementor-widget-video .elementor-open-inline .elementor-custom-embed-image-overlay{position:absolute;top:0;right:0;bottom:0;left:0;background-size:cover;background-position:50%}.elementor-widget-video .elementor-custom-embed-image-overlay{cursor:pointer;text-align:center}.elementor-widget-video .elementor-custom-embed-image-overlay:hover .elementor-custom-embed-play i{opacity:1}.elementor-widget-video .elementor-custom-embed-image-overlay img{display:block;width:100%;aspect-ratio:var(--video-aspect-ratio);-o-object-fit:cover;object-fit:cover;-o-object-position:center center;object-position:center center}@supports not (aspect-ratio:1\/1){.elementor-widget-video .elementor-custom-embed-image-overlay{position:relative;overflow:hidden;height:0;padding-bottom:calc(100% \/ var(--video-aspect-ratio))}.elementor-widget-video .elementor-custom-embed-image-overlay img{position:absolute;top:0;right:0;bottom:0;left:0}}.elementor-widget-video .e-hosted-video .elementor-video{-o-object-fit:cover;object-fit:cover}.e-con-inner>.elementor-widget-video,.e-con>.elementor-widget-video{width:var(--container-widget-width);--flex-grow:var(--container-widget-flex-grow)}<\/style>\t\t<div class=\"e-hosted-video elementor-wrapper elementor-open-inline\">\n\t\t\t\t\t<video class=\"elementor-video\" src=\"http:\/\/biposgrado.com\/wp-content\/uploads\/2024\/03\/biposgrado-horizontal.mp4\" controls=\"\" preload=\"metadata\" controlsList=\"nodownload\"><\/video>\n\t\t\t\t<\/div>\n\t\t\t\t<\/div>\n\t\t\t\t<\/div>\n\t\t\t\t\t<\/div>\n\t\t\t\t<\/div>\n\t\t<div class=\"elementor-element elementor-element-0429376 e-flex e-con-boxed e-con\" data-id=\"0429376\" data-element_type=\"container\" data-settings=\"{&quot;content_width&quot;:&quot;boxed&quot;}\">\n\t\t\t\t\t<div class=\"e-con-inner\">\n\t\t\t\t<div class=\"elementor-element elementor-element-c36f9b4 elementor-widget elementor-widget-text-editor\" data-id=\"c36f9b4\" data-element_type=\"widget\" data-widget_type=\"text-editor.default\">\n\t\t\t\t<div class=\"elementor-widget-container\">\n\t\t\t<style>\/*! elementor - v3.15.0 - 20-08-2023 *\/\n.elementor-widget-text-editor.elementor-drop-cap-view-stacked .elementor-drop-cap{background-color:#69727d;color:#fff}.elementor-widget-text-editor.elementor-drop-cap-view-framed .elementor-drop-cap{color:#69727d;border:3px solid;background-color:transparent}.elementor-widget-text-editor:not(.elementor-drop-cap-view-default) .elementor-drop-cap{margin-top:8px}.elementor-widget-text-editor:not(.elementor-drop-cap-view-default) .elementor-drop-cap-letter{width:1em;height:1em}.elementor-widget-text-editor .elementor-drop-cap{float:left;text-align:center;line-height:1;font-size:50px}.elementor-widget-text-editor .elementor-drop-cap-letter{display:inline-block}<\/style>\t\t\t\t<h2 style=\"margin-top: 0px; margin-bottom: 5px; line-height: 1px; font-size: 14px; font-family: Poppins, sans-serif; padding: 0px; letter-spacing: 2px; text-transform: uppercase; color: #aaaaaa; text-align: left;\">DO QUE SE TRATA A<\/h2>\t\t\t\t\t\t<\/div>\n\t\t\t\t<\/div>\n\t\t\t\t<div class=\"elementor-element elementor-element-36d3690 elementor-widget elementor-widget-heading\" data-id=\"36d3690\" data-element_type=\"widget\" data-widget_type=\"heading.default\">\n\t\t\t\t<div class=\"elementor-widget-container\">\n\t\t\t<h2 class=\"elementor-heading-title elementor-size-default\"><span style=\"color: rgb(55, 66, 59); font-family: Poppins, sans-serif; font-size: 36px; text-transform: uppercase; white-space-collapse: collapse;\">ASSESSORIA ESTUDANTIL?<\/span><\/h2>\t\t<\/div>\n\t\t\t\t<\/div>\n\t\t\t\t\t<\/div>\n\t\t\t\t<\/div>\n\t\t<div class=\"elementor-element elementor-element-8e87318 e-flex e-con-boxed e-con\" data-id=\"8e87318\" data-element_type=\"container\" data-settings=\"{&quot;content_width&quot;:&quot;boxed&quot;}\">\n\t\t\t\t\t<div class=\"e-con-inner\">\n\t\t\t\t<div class=\"elementor-element elementor-element-0b01ff5 elementor-widget elementor-widget-heading\" data-id=\"0b01ff5\" data-element_type=\"widget\" data-widget_type=\"heading.default\">\n\t\t\t\t<div class=\"elementor-widget-container\">\n\t\t\t<h2 class=\"elementor-heading-title elementor-size-default\"><h3 style=\"margin-top: 0px; margin-bottom: 0.5rem; line-height: 1.2; font-size: 1.75rem; font-family: Raleway, sans-serif; color: rgb(68, 68, 68); letter-spacing: normal; text-align: left; white-space-collapse: collapse;\"><span style=\"font-weight: bolder;\">O que \u00e9 uma Assessoria?<\/span><\/h3><\/h2>\t\t<\/div>\n\t\t\t\t<\/div>\n\t\t\t\t<div class=\"elementor-element elementor-element-4e889b4 elementor-widget elementor-widget-text-editor\" data-id=\"4e889b4\" data-element_type=\"widget\" data-widget_type=\"text-editor.default\">\n\t\t\t\t<div class=\"elementor-widget-container\">\n\t\t\t\t\t\t\t<p style=\"margin-bottom: 1rem; font-family: 'Open Sans', sans-serif; font-size: 16px;\">\u00c9 uma ag\u00eancia especializada nas leis de regulamenta\u00e7\u00e3o e tramita\u00e7\u00e3o de documentos brasileiros nos pa\u00edses do Mercosul.<\/p><p style=\"margin-bottom: 1rem; font-family: 'Open Sans', sans-serif; font-size: 16px;\">O nosso assessoramento \u00e9 completo e se inicia nos primeiros contatos com toda orienta\u00e7\u00e3o sobre as diferentes Universidades, metodologia de ingresso e ensino e requisitos para matr\u00edcula. Realizamos todos os tr\u00e2mites exigidos pelas autoridades dos pa\u00edses de destino para que estudantes brasileiros ingressem na Universidade e viva legalmente no pa\u00eds.<\/p><p style=\"margin-bottom: 1rem; font-family: 'Open Sans', sans-serif; font-size: 16px;\">Al\u00e9m dos tr\u00e2mites e da documenta\u00e7\u00e3o, oferecemos servi\u00e7os que assim como os tr\u00e2mites, s\u00e3o indispens\u00e1veis para cursar o programa escolhido A nossa sede est\u00e1 em Jaboat\u00e3o dos Guararapes-PE por\u00e9m trabalhamos na perspectiva de atua\u00e7\u00e3o em outros estados brasileiros.<\/p>\t\t\t\t\t\t<\/div>\n\t\t\t\t<\/div>\n\t\t\t\t<div class=\"elementor-element elementor-element-94703d1 elementor-widget elementor-widget-heading\" data-id=\"94703d1\" data-element_type=\"widget\" data-widget_type=\"heading.default\">\n\t\t\t\t<div class=\"elementor-widget-container\">\n\t\t\t<h2 class=\"elementor-heading-title elementor-size-default\"><h3 style=\"margin-top: 0px; margin-bottom: 0.5rem; line-height: 1.2; font-size: 1.75rem; font-family: Raleway, sans-serif; color: rgb(68, 68, 68); letter-spacing: normal; text-align: left; white-space-collapse: collapse;\"><span style=\"font-weight: bolder;\">Para que serve uma Assessoria?<\/span><\/h3><\/h2>\t\t<\/div>\n\t\t\t\t<\/div>\n\t\t\t\t<div class=\"elementor-element elementor-element-1ae264c elementor-widget elementor-widget-text-editor\" data-id=\"1ae264c\" data-element_type=\"widget\" data-widget_type=\"text-editor.default\">\n\t\t\t\t<div class=\"elementor-widget-container\">\n\t\t\t\t\t\t\t<p><span style=\"font-family: 'Open Sans', sans-serif; font-size: 16px;\">Para executar o seu processo de admiss\u00e3o e migrat\u00f3rio nos pa\u00edses MERCOSUL atendendo a todos os requisitos das Universidades, e te orientar nas diferentes etapas desse projeto, desde a documenta\u00e7\u00e3o at\u00e9 o suporte na reserva do apartamento e recep\u00e7\u00e3o no aeroporto.<\/span><\/p>\t\t\t\t\t\t<\/div>\n\t\t\t\t<\/div>\n\t\t\t\t<div class=\"elementor-element elementor-element-6f8a085 elementor-widget elementor-widget-heading\" data-id=\"6f8a085\" data-element_type=\"widget\" data-widget_type=\"heading.default\">\n\t\t\t\t<div class=\"elementor-widget-container\">\n\t\t\t<h2 class=\"elementor-heading-title elementor-size-default\"><h3 style=\"margin-top: 0px; margin-bottom: 0.5rem; line-height: 1.2; font-size: 1.75rem; font-family: Raleway, sans-serif; color: rgb(68, 68, 68); letter-spacing: normal; text-align: left; white-space-collapse: collapse;\"><span style=\"font-weight: bolder;\">Quais as vantagens de contratar uma Assessoria?<\/span><\/h3><\/h2>\t\t<\/div>\n\t\t\t\t<\/div>\n\t\t\t\t<div class=\"elementor-element elementor-element-b053b7c elementor-widget elementor-widget-text-editor\" data-id=\"b053b7c\" data-element_type=\"widget\" data-widget_type=\"text-editor.default\">\n\t\t\t\t<div class=\"elementor-widget-container\">\n\t\t\t\t\t\t\t<p style=\"margin-bottom: 1rem; font-family: 'Open Sans', sans-serif; font-size: 16px;\">Seguran\u00e7a e agilidade na execu\u00e7\u00e3o dos seus tr\u00e2mites. Voc\u00ea entrega a sua documenta\u00e7\u00e3o e n\u00f3s cuidamos de tudo! A maior vantagem sem d\u00favidas \u00e9 a tranquilidade de ter todo o seu processo sendo executado com sucesso, sem ter que lidar com toda a burocracia que implica tramita\u00e7\u00e3o de documenta\u00e7\u00e3o no exterior.<\/p><p style=\"margin-bottom: 1rem; font-family: 'Open Sans', sans-serif; font-size: 16px;\">Al\u00e9m de todo suporte antes, durante e depois do embarque para o pa\u00eds escolhido, com informa\u00e7\u00f5es atualizadas e precisas.<\/p>\t\t\t\t\t\t<\/div>\n\t\t\t\t<\/div>\n\t\t\t\t<div class=\"elementor-element elementor-element-0ed21f2 elementor-widget elementor-widget-heading\" data-id=\"0ed21f2\" data-element_type=\"widget\" data-widget_type=\"heading.default\">\n\t\t\t\t<div class=\"elementor-widget-container\">\n\t\t\t<h2 class=\"elementor-heading-title elementor-size-default\"><h3 style=\"margin-top: 0px; margin-bottom: 0.5rem; line-height: 1.2; font-size: 1.75rem; font-family: Raleway, sans-serif; color: rgb(68, 68, 68); letter-spacing: normal; text-align: left; white-space-collapse: collapse;\"><span style=\"font-weight: bolder;\">O que uma Assessoria faz?<\/span><\/h3><\/h2>\t\t<\/div>\n\t\t\t\t<\/div>\n\t\t\t\t<div class=\"elementor-element elementor-element-7ddcdcc elementor-widget elementor-widget-text-editor\" data-id=\"7ddcdcc\" data-element_type=\"widget\" data-widget_type=\"text-editor.default\">\n\t\t\t\t<div class=\"elementor-widget-container\">\n\t\t\t\t\t\t\t<p style=\"margin-bottom: 1rem; font-family: 'Open Sans', sans-serif; font-size: 16px;\">Cuidamos de absolutamente tudo. Inicialmente buscamos compreender a sua demanda, o curso e universidade e todas as informa\u00e7\u00f5es que podem, de alguma maneira alterar e interferir no processo migrat\u00f3rio.<\/p><p style=\"margin-bottom: 1rem; font-family: 'Open Sans', sans-serif; font-size: 16px;\">Orientamos quanto a emiss\u00e3o e organiza\u00e7\u00e3o dos documentos necess\u00e1rios para o curso e a universidade que deseja ingressar.<\/p>\t\t\t\t\t\t<\/div>\n\t\t\t\t<\/div>\n\t\t\t\t\t<\/div>\n\t\t\t\t<\/div>\n\t\t\t\t\t\t\t<\/div>\n\t\t","protected":false},"excerpt":{"rendered":"<p>Bureau Internacional de Posgrado Nossos Cursos http:\/\/biposgrado.com\/wp-content\/uploads\/2024\/03\/biposgrado-horizontal.mp4 DO QUE SE TRATA A ASSESSORIA ESTUDANTIL? O que \u00e9 uma Assessoria? \u00c9 uma ag\u00eancia especializada nas leis de regulamenta\u00e7\u00e3o e tramita\u00e7\u00e3o de documentos brasileiros nos pa\u00edses do Mercosul. O nosso assessoramento \u00e9 completo e se inicia nos primeiros contatos com toda orienta\u00e7\u00e3o sobre as diferentes Universidades, metodologia [&hellip;]<\/p>\n","protected":false},"author":1,"featured_media":0,"parent":0,"menu_order":0,"comment_status":"closed","ping_status":"closed","template":"elementor_header_footer","meta":{"footnotes":"","_joinchat":[]},"_links":{"self":[{"href":"https:\/\/biposgrado.com\/index.php\/wp-json\/wp\/v2\/pages\/11"}],"collection":[{"href":"https:\/\/biposgrado.com\/index.php\/wp-json\/wp\/v2\/pages"}],"about":[{"href":"https:\/\/biposgrado.com\/index.php\/wp-json\/wp\/v2\/types\/page"}],"author":[{"embeddable":true,"href":"https:\/\/biposgrado.com\/index.php\/wp-json\/wp\/v2\/users\/1"}],"replies":[{"embeddable":true,"href":"https:\/\/biposgrado.com\/index.php\/wp-json\/wp\/v2\/comments?post=11"}],"version-history":[{"count":76,"href":"https:\/\/biposgrado.com\/index.php\/wp-json\/wp\/v2\/pages\/11\/revisions"}],"predecessor-version":[{"id":803,"href":"https:\/\/biposgrado.com\/index.php\/wp-json\/wp\/v2\/pages\/11\/revisions\/803"}],"wp:attachment":[{"href":"https:\/\/biposgrado.com\/index.php\/wp-json\/wp\/v2\/media?parent=11"}],"curies":[{"name":"wp","href":"https:\/\/api.w.org\/{rel}","templated":true}]}}