{"id":17,"date":"2023-09-11T18:36:43","date_gmt":"2023-09-11T21:36:43","guid":{"rendered":"https:\/\/biposgrado.com\/?page_id=17"},"modified":"2024-09-27T13:44:01","modified_gmt":"2024-09-27T16:44:01","slug":"nossos-parceiros","status":"publish","type":"page","link":"https:\/\/biposgrado.com\/index.php\/nossos-parceiros\/","title":{"rendered":"Nossos Parceiros"},"content":{"rendered":"\t\t<div data-elementor-type=\"wp-page\" data-elementor-id=\"17\" class=\"elementor elementor-17\" data-elementor-post-type=\"page\">\n\t\t\t\t\t\t\t<div class=\"elementor-element elementor-element-3294cb2 e-flex e-con-boxed e-con\" data-id=\"3294cb2\" data-element_type=\"container\" data-settings=\"{&quot;content_width&quot;:&quot;boxed&quot;}\">\n\t\t\t\t\t<div class=\"e-con-inner\">\n\t\t\t\t<div class=\"elementor-element elementor-element-68e450e elementor-widget elementor-widget-heading\" data-id=\"68e450e\" data-element_type=\"widget\" data-widget_type=\"heading.default\">\n\t\t\t\t<div class=\"elementor-widget-container\">\n\t\t\t<style>\/*! elementor - v3.15.0 - 20-08-2023 *\/\n.elementor-heading-title{padding:0;margin:0;line-height:1}.elementor-widget-heading .elementor-heading-title[class*=elementor-size-]>a{color:inherit;font-size:inherit;line-height:inherit}.elementor-widget-heading .elementor-heading-title.elementor-size-small{font-size:15px}.elementor-widget-heading .elementor-heading-title.elementor-size-medium{font-size:19px}.elementor-widget-heading .elementor-heading-title.elementor-size-large{font-size:29px}.elementor-widget-heading .elementor-heading-title.elementor-size-xl{font-size:39px}.elementor-widget-heading .elementor-heading-title.elementor-size-xxl{font-size:59px}<\/style><h2 class=\"elementor-heading-title elementor-size-default\">Parceiros<\/h2>\t\t<\/div>\n\t\t\t\t<\/div>\n\t\t\t\t\t<\/div>\n\t\t\t\t<\/div>\n\t\t<div class=\"elementor-element elementor-element-10d70b9 e-flex e-con-boxed e-con\" data-id=\"10d70b9\" data-element_type=\"container\" data-settings=\"{&quot;content_width&quot;:&quot;boxed&quot;}\">\n\t\t\t\t\t<div class=\"e-con-inner\">\n\t\t<div class=\"elementor-element elementor-element-0c090ba e-con-full e-flex e-con\" data-id=\"0c090ba\" data-element_type=\"container\" data-settings=\"{&quot;content_width&quot;:&quot;full&quot;}\">\n\t\t\t\t<div class=\"elementor-element elementor-element-5107df1 elementor-widget elementor-widget-heading\" data-id=\"5107df1\" data-element_type=\"widget\" data-widget_type=\"heading.default\">\n\t\t\t\t<div class=\"elementor-widget-container\">\n\t\t\t<h2 class=\"elementor-heading-title elementor-size-default\"><h3 style=\"margin-top: 0px; margin-bottom: 0.5rem; font-weight: 600; line-height: 1.2; font-size: 26px; font-family: Raleway, sans-serif; color: rgb(68, 68, 68); letter-spacing: normal; text-align: left; white-space-collapse: collapse;\">Pent\u00e1gono Col\u00e9gio e Curso<\/h3><\/h2>\t\t<\/div>\n\t\t\t\t<\/div>\n\t\t\t\t<div class=\"elementor-element elementor-element-5f76bf1 elementor-widget elementor-widget-text-editor\" data-id=\"5f76bf1\" data-element_type=\"widget\" data-widget_type=\"text-editor.default\">\n\t\t\t\t<div class=\"elementor-widget-container\">\n\t\t\t<style>\/*! elementor - v3.15.0 - 20-08-2023 *\/\n.elementor-widget-text-editor.elementor-drop-cap-view-stacked .elementor-drop-cap{background-color:#69727d;color:#fff}.elementor-widget-text-editor.elementor-drop-cap-view-framed .elementor-drop-cap{color:#69727d;border:3px solid;background-color:transparent}.elementor-widget-text-editor:not(.elementor-drop-cap-view-default) .elementor-drop-cap{margin-top:8px}.elementor-widget-text-editor:not(.elementor-drop-cap-view-default) .elementor-drop-cap-letter{width:1em;height:1em}.elementor-widget-text-editor .elementor-drop-cap{float:left;text-align:center;line-height:1;font-size:50px}.elementor-widget-text-editor .elementor-drop-cap-letter{display:inline-block}<\/style>\t\t\t\t<p><span style=\"font-family: 'Open Sans', sans-serif; font-size: 16px;\">Localizado em Jaboat\u00e3o dos Guararapes &#8211; PE, o\u00a0Pent\u00e1gono Col\u00e9gio e Curso\u00a0\u00e9 uma institui\u00e7\u00e3o de ensino particular que atua com o objetivo de ofertar educa\u00e7\u00e3o de qualidade e excel\u00eancia aos seus alunos, formando intelectualmente e contribuindo para a forma\u00e7\u00e3o de cidad\u00e3os.<\/span><\/p>\t\t\t\t\t\t<\/div>\n\t\t\t\t<\/div>\n\t\t\t\t<div class=\"elementor-element elementor-element-ccc135e elementor-widget elementor-widget-button\" data-id=\"ccc135e\" data-element_type=\"widget\" data-widget_type=\"button.default\">\n\t\t\t\t<div class=\"elementor-widget-container\">\n\t\t\t\t\t<div class=\"elementor-button-wrapper\">\n\t\t\t<a class=\"elementor-button elementor-button-link elementor-size-sm\" href=\"https:\/\/colegiopentagono.com.br\/\" target=\"_blank\">\n\t\t\t\t\t\t<span class=\"elementor-button-content-wrapper\">\n\t\t\t\t\t\t<span class=\"elementor-button-text\">Saiba mais<\/span>\n\t\t<\/span>\n\t\t\t\t\t<\/a>\n\t\t<\/div>\n\t\t\t\t<\/div>\n\t\t\t\t<\/div>\n\t\t\t\t<\/div>\n\t\t<div class=\"elementor-element elementor-element-aa17716 e-con-full e-flex e-con\" data-id=\"aa17716\" data-element_type=\"container\" data-settings=\"{&quot;content_width&quot;:&quot;full&quot;}\">\n\t\t\t\t<div class=\"elementor-element elementor-element-6fce1a0 elementor-widget elementor-widget-image\" data-id=\"6fce1a0\" data-element_type=\"widget\" data-widget_type=\"image.default\">\n\t\t\t\t<div class=\"elementor-widget-container\">\n\t\t\t<style>\/*! elementor - v3.15.0 - 20-08-2023 *\/\n.elementor-widget-image{text-align:center}.elementor-widget-image a{display:inline-block}.elementor-widget-image a img[src$=\".svg\"]{width:48px}.elementor-widget-image img{vertical-align:middle;display:inline-block}<\/style>\t\t\t\t\t\t\t\t\t\t\t\t<img decoding=\"async\" loading=\"lazy\" width=\"150\" height=\"150\" src=\"https:\/\/biposgrado.com\/wp-content\/uploads\/2023\/09\/pentagono-150x150.jpeg\" class=\"attachment-thumbnail size-thumbnail wp-image-373\" alt=\"\" srcset=\"https:\/\/biposgrado.com\/wp-content\/uploads\/2023\/09\/pentagono-150x150.jpeg 150w, https:\/\/biposgrado.com\/wp-content\/uploads\/2023\/09\/pentagono-230x230.jpeg 230w, https:\/\/biposgrado.com\/wp-content\/uploads\/2023\/09\/pentagono-400x400.jpeg 400w, https:\/\/biposgrado.com\/wp-content\/uploads\/2023\/09\/pentagono-640x640.jpeg 640w\" sizes=\"(max-width: 150px) 100vw, 150px\" \/>\t\t\t\t\t\t\t\t\t\t\t\t\t\t\t<\/div>\n\t\t\t\t<\/div>\n\t\t\t\t<\/div>\n\t\t\t\t\t<\/div>\n\t\t\t\t<\/div>\n\t\t<div class=\"elementor-element elementor-element-7bdf817 e-flex e-con-boxed e-con\" data-id=\"7bdf817\" data-element_type=\"container\" data-settings=\"{&quot;content_width&quot;:&quot;boxed&quot;}\">\n\t\t\t\t\t<div class=\"e-con-inner\">\n\t\t<div class=\"elementor-element elementor-element-c84fdb3 e-con-full e-flex e-con\" data-id=\"c84fdb3\" data-element_type=\"container\" data-settings=\"{&quot;content_width&quot;:&quot;full&quot;}\">\n\t\t\t\t<div class=\"elementor-element elementor-element-d8be36d elementor-widget elementor-widget-heading\" data-id=\"d8be36d\" data-element_type=\"widget\" data-widget_type=\"heading.default\">\n\t\t\t\t<div class=\"elementor-widget-container\">\n\t\t\t<h2 class=\"elementor-heading-title elementor-size-default\"><h3 style=\"margin-top: 0px; margin-bottom: 0.5rem; font-weight: 600; line-height: 1.2; font-size: 26px; font-family: Raleway, sans-serif; color: rgb(68, 68, 68); letter-spacing: normal; text-align: left; white-space-collapse: collapse;\">Conselho Regional de Administra\u00e7\u00e3o do Cear\u00e1<\/h3><\/h2>\t\t<\/div>\n\t\t\t\t<\/div>\n\t\t\t\t<div class=\"elementor-element elementor-element-114e300 elementor-widget elementor-widget-text-editor\" data-id=\"114e300\" data-element_type=\"widget\" data-widget_type=\"text-editor.default\">\n\t\t\t\t<div class=\"elementor-widget-container\">\n\t\t\t\t\t\t\t<p><span style=\"font-family: 'Open Sans', sans-serif; font-size: 16px;\">\u00c9 a entidade consultiva, orientadora, disciplinadora e fiscalizadora do exerc\u00edcio da profiss\u00e3o de Administrador e Tecn\u00f3logo em determinada \u00e1rea da Administra\u00e7\u00e3o. Desenvolve tamb\u00e9m o trabalho de apoiar, auxiliar e defender os direitos dos profissionais.<\/span><\/p>\t\t\t\t\t\t<\/div>\n\t\t\t\t<\/div>\n\t\t\t\t<div class=\"elementor-element elementor-element-ac47111 elementor-widget elementor-widget-button\" data-id=\"ac47111\" data-element_type=\"widget\" data-widget_type=\"button.default\">\n\t\t\t\t<div class=\"elementor-widget-container\">\n\t\t\t\t\t<div class=\"elementor-button-wrapper\">\n\t\t\t<a class=\"elementor-button elementor-button-link elementor-size-sm\" href=\"https:\/\/www.craceara.org.br\/\" target=\"_blank\">\n\t\t\t\t\t\t<span class=\"elementor-button-content-wrapper\">\n\t\t\t\t\t\t<span class=\"elementor-button-text\">Saiba mais<\/span>\n\t\t<\/span>\n\t\t\t\t\t<\/a>\n\t\t<\/div>\n\t\t\t\t<\/div>\n\t\t\t\t<\/div>\n\t\t\t\t<\/div>\n\t\t<div class=\"elementor-element elementor-element-95780eb e-con-full e-flex e-con\" data-id=\"95780eb\" data-element_type=\"container\" data-settings=\"{&quot;content_width&quot;:&quot;full&quot;}\">\n\t\t\t\t<div class=\"elementor-element elementor-element-37a5256 elementor-widget elementor-widget-image\" data-id=\"37a5256\" data-element_type=\"widget\" data-widget_type=\"image.default\">\n\t\t\t\t<div class=\"elementor-widget-container\">\n\t\t\t\t\t\t\t\t\t\t\t\t\t\t\t<img decoding=\"async\" loading=\"lazy\" width=\"300\" height=\"100\" src=\"https:\/\/biposgrado.com\/wp-content\/uploads\/2023\/09\/logo-cra-horizontal-safira-300x100.png\" class=\"attachment-medium size-medium wp-image-383\" alt=\"\" srcset=\"https:\/\/biposgrado.com\/wp-content\/uploads\/2023\/09\/logo-cra-horizontal-safira-300x100.png 300w, https:\/\/biposgrado.com\/wp-content\/uploads\/2023\/09\/logo-cra-horizontal-safira.png 350w\" sizes=\"(max-width: 300px) 100vw, 300px\" \/>\t\t\t\t\t\t\t\t\t\t\t\t\t\t\t<\/div>\n\t\t\t\t<\/div>\n\t\t\t\t<\/div>\n\t\t\t\t\t<\/div>\n\t\t\t\t<\/div>\n\t\t<div class=\"elementor-element elementor-element-85cadf9 e-flex e-con-boxed e-con\" data-id=\"85cadf9\" data-element_type=\"container\" data-settings=\"{&quot;content_width&quot;:&quot;boxed&quot;}\">\n\t\t\t\t\t<div class=\"e-con-inner\">\n\t\t<div class=\"elementor-element elementor-element-6ecc2c3 e-con-full e-flex e-con\" data-id=\"6ecc2c3\" data-element_type=\"container\" data-settings=\"{&quot;content_width&quot;:&quot;full&quot;}\">\n\t\t\t\t<div class=\"elementor-element elementor-element-697fdf0 elementor-widget elementor-widget-heading\" data-id=\"697fdf0\" data-element_type=\"widget\" data-widget_type=\"heading.default\">\n\t\t\t\t<div class=\"elementor-widget-container\">\n\t\t\t<h2 class=\"elementor-heading-title elementor-size-default\"><h3 style=\"margin-top: 0px; margin-bottom: 0.5rem; font-weight: 600; line-height: 1.2; font-size: 26px; font-family: Raleway, sans-serif; color: rgb(68, 68, 68); letter-spacing: normal; text-align: left; white-space-collapse: collapse;\">Conselho Regional de Administra\u00e7\u00e3o do Pernambuco<\/h3><\/h2>\t\t<\/div>\n\t\t\t\t<\/div>\n\t\t\t\t<div class=\"elementor-element elementor-element-56c208a elementor-widget elementor-widget-text-editor\" data-id=\"56c208a\" data-element_type=\"widget\" data-widget_type=\"text-editor.default\">\n\t\t\t\t<div class=\"elementor-widget-container\">\n\t\t\t\t\t\t\t<p><span style=\"font-family: 'Open Sans', sans-serif; font-size: 16px;\">\u00c9 a entidade consultiva, orientadora, disciplinadora e fiscalizadora do exerc\u00edcio da profiss\u00e3o de Administrador e Tecn\u00f3logo em determinada \u00e1rea da Administra\u00e7\u00e3o. Desenvolve tamb\u00e9m o trabalho de apoiar, auxiliar e defender os direitos dos profissionais.<\/span><\/p>\t\t\t\t\t\t<\/div>\n\t\t\t\t<\/div>\n\t\t\t\t<div class=\"elementor-element elementor-element-0e34709 elementor-widget elementor-widget-button\" data-id=\"0e34709\" data-element_type=\"widget\" data-widget_type=\"button.default\">\n\t\t\t\t<div class=\"elementor-widget-container\">\n\t\t\t\t\t<div class=\"elementor-button-wrapper\">\n\t\t\t<a class=\"elementor-button elementor-button-link elementor-size-sm\" href=\"http:\/\/www.crape.org.br\/\" target=\"_blank\">\n\t\t\t\t\t\t<span class=\"elementor-button-content-wrapper\">\n\t\t\t\t\t\t<span class=\"elementor-button-text\">Saiba mais<\/span>\n\t\t<\/span>\n\t\t\t\t\t<\/a>\n\t\t<\/div>\n\t\t\t\t<\/div>\n\t\t\t\t<\/div>\n\t\t\t\t<\/div>\n\t\t<div class=\"elementor-element elementor-element-9a07734 e-con-full e-flex e-con\" data-id=\"9a07734\" data-element_type=\"container\" data-settings=\"{&quot;content_width&quot;:&quot;full&quot;}\">\n\t\t\t\t<div class=\"elementor-element elementor-element-219bdbd elementor-widget elementor-widget-image\" data-id=\"219bdbd\" data-element_type=\"widget\" data-widget_type=\"image.default\">\n\t\t\t\t<div class=\"elementor-widget-container\">\n\t\t\t\t\t\t\t\t\t\t\t\t\t\t\t<img decoding=\"async\" loading=\"lazy\" width=\"300\" height=\"74\" src=\"https:\/\/biposgrado.com\/wp-content\/uploads\/2023\/09\/cra-pe-logo-300x74.png\" class=\"attachment-medium size-medium wp-image-399\" alt=\"\" srcset=\"https:\/\/biposgrado.com\/wp-content\/uploads\/2023\/09\/cra-pe-logo-300x74.png 300w, https:\/\/biposgrado.com\/wp-content\/uploads\/2023\/09\/cra-pe-logo.png 366w\" sizes=\"(max-width: 300px) 100vw, 300px\" \/>\t\t\t\t\t\t\t\t\t\t\t\t\t\t\t<\/div>\n\t\t\t\t<\/div>\n\t\t\t\t<\/div>\n\t\t\t\t\t<\/div>\n\t\t\t\t<\/div>\n\t\t<div class=\"elementor-element elementor-element-dd46587 e-flex e-con-boxed e-con\" data-id=\"dd46587\" data-element_type=\"container\" data-settings=\"{&quot;content_width&quot;:&quot;boxed&quot;}\">\n\t\t\t\t\t<div class=\"e-con-inner\">\n\t\t<div class=\"elementor-element elementor-element-e0b13a5 e-con-full e-flex e-con\" data-id=\"e0b13a5\" data-element_type=\"container\" data-settings=\"{&quot;content_width&quot;:&quot;full&quot;}\">\n\t\t\t\t<div class=\"elementor-element elementor-element-5a7e4ac elementor-widget elementor-widget-heading\" data-id=\"5a7e4ac\" data-element_type=\"widget\" data-widget_type=\"heading.default\">\n\t\t\t\t<div class=\"elementor-widget-container\">\n\t\t\t<h2 class=\"elementor-heading-title elementor-size-default\"><h3 style=\"margin-top: 0px; margin-bottom: 0.5rem; font-weight: 600; line-height: 1.2; font-size: 26px; font-family: Raleway, sans-serif; color: rgb(68, 68, 68); letter-spacing: normal; text-align: left; white-space-collapse: collapse;\">Assessoria da Dra. Alba Val\u00e9ria<\/h3><\/h2>\t\t<\/div>\n\t\t\t\t<\/div>\n\t\t\t\t<div class=\"elementor-element elementor-element-7307659 elementor-widget elementor-widget-text-editor\" data-id=\"7307659\" data-element_type=\"widget\" data-widget_type=\"text-editor.default\">\n\t\t\t\t<div class=\"elementor-widget-container\">\n\t\t\t\t\t\t\t<p><span style=\"text-align: var(--text-align); font-size: 16px;\"><span style=\"font-family: Open Sans, sans-serif;\">CONSULTORIA ESPECIALIZADA EM RECONHECIMENTOS DE DIPLOMAS<\/span><\/span><\/p><p><span style=\"font-size: 16px; font-family: 'Open Sans', sans-serif; color: var( --e-global-color-text ); font-weight: var( --e-global-typography-text-font-weight ); text-align: var(--text-align); letter-spacing: 0px;\">Doutora em Administra\u00e7\u00e3o &#8211; FICS Paraguai. Mestra em Educa\u00e7\u00e3o com \u00eanfase em inova\u00e7\u00e3o pedag\u00f3gica &#8211; UMa Portugal (ambos reconhecidos no Brasil). Especialista em Gest\u00e3o P\u00fablica (IFPE). E em Ger\u00eancia Cont\u00e1bil, Per\u00edcia, Auditoria e Controladoria (Uninter). Possui gradua\u00e7\u00e3o em administra\u00e7\u00e3o de empresas pela Faculdade de Ci\u00eancias da Administra\u00e7\u00e3o do Limoeiro (2006), gradua\u00e7\u00e3o em Gest\u00e3o e tecnologia do vestu\u00e1rio pela Faculdade de Ci\u00eancias da Administra\u00e7\u00e3o do Limoeiro (2004). E gradua\u00e7\u00e3o em Ci\u00eancias Cont\u00e1beis da UFPE (2023). Atuou como chefe do setor de administra\u00e7\u00e3o da Empresa Brasileira de Servi\u00e7os Hospitalares que \u00e9 respons\u00e1vel pela gest\u00e3o do hospital universit\u00e1rio da Universidade Federal de Pernambuco (2017-2019).<\/span><\/p><p><span style=\"font-family: Open Sans, sans-serif;\"><span style=\"font-size: 16px;\">\u00a0<\/span><\/span><\/p><p><span style=\"text-align: var(--text-align); font-size: 16px;\"><span style=\"font-family: Open Sans, sans-serif;\">Servidora p\u00fablica federal do IFPE atuando na corregedoria desse \u00f3rg\u00e3o. Possui experi\u00eancia de 15 anos em assessoramento para reconhecimento de diplomas, possuindo destaque nacional em raz\u00e3o de seu profissionalismo e apresenta\u00e7\u00e3o de resultados exitosos dos processos assessorados por ela.<\/span><\/span><\/p>\t\t\t\t\t\t<\/div>\n\t\t\t\t<\/div>\n\t\t\t\t<div class=\"elementor-element elementor-element-3ca8162 elementor-widget elementor-widget-button\" data-id=\"3ca8162\" data-element_type=\"widget\" data-widget_type=\"button.default\">\n\t\t\t\t<div class=\"elementor-widget-container\">\n\t\t\t\t\t<div class=\"elementor-button-wrapper\">\n\t\t\t<a class=\"elementor-button elementor-button-link elementor-size-sm\" href=\"http:\/\/www.legalizeseudiploma.com.br\/\" target=\"_blank\">\n\t\t\t\t\t\t<span class=\"elementor-button-content-wrapper\">\n\t\t\t\t\t\t<span class=\"elementor-button-text\">Saiba mais<\/span>\n\t\t<\/span>\n\t\t\t\t\t<\/a>\n\t\t<\/div>\n\t\t\t\t<\/div>\n\t\t\t\t<\/div>\n\t\t\t\t<\/div>\n\t\t<div class=\"elementor-element elementor-element-de92ab2 e-con-full e-flex e-con\" data-id=\"de92ab2\" data-element_type=\"container\" data-settings=\"{&quot;content_width&quot;:&quot;full&quot;}\">\n\t\t\t\t<div class=\"elementor-element elementor-element-6829c31 elementor-widget elementor-widget-image\" data-id=\"6829c31\" data-element_type=\"widget\" data-widget_type=\"image.default\">\n\t\t\t\t<div class=\"elementor-widget-container\">\n\t\t\t\t\t\t\t\t\t\t\t\t\t\t\t<img decoding=\"async\" loading=\"lazy\" width=\"150\" height=\"150\" src=\"https:\/\/biposgrado.com\/wp-content\/uploads\/2024\/09\/WhatsApp-Image-2024-09-27-at-10.03.30-150x150.jpeg\" class=\"attachment-thumbnail size-thumbnail wp-image-847\" alt=\"\" srcset=\"https:\/\/biposgrado.com\/wp-content\/uploads\/2024\/09\/WhatsApp-Image-2024-09-27-at-10.03.30-150x150.jpeg 150w, https:\/\/biposgrado.com\/wp-content\/uploads\/2024\/09\/WhatsApp-Image-2024-09-27-at-10.03.30-300x300.jpeg 300w, https:\/\/biposgrado.com\/wp-content\/uploads\/2024\/09\/WhatsApp-Image-2024-09-27-at-10.03.30-230x230.jpeg 230w, https:\/\/biposgrado.com\/wp-content\/uploads\/2024\/09\/WhatsApp-Image-2024-09-27-at-10.03.30-400x400.jpeg 400w, https:\/\/biposgrado.com\/wp-content\/uploads\/2024\/09\/elementor\/thumbs\/WhatsApp-Image-2024-09-27-at-10.03.30-quqdaa0be1pj9wqavh3ps0707kmpf8aj27aommw3ww.jpeg 200w, https:\/\/biposgrado.com\/wp-content\/uploads\/2024\/09\/elementor\/thumbs\/WhatsApp-Image-2024-09-27-at-10.03.30-quqdaa0awi6ympgt3wr8xknnsmy1yj08phgm62p7wg.jpeg 160w, https:\/\/biposgrado.com\/wp-content\/uploads\/2024\/09\/WhatsApp-Image-2024-09-27-at-10.03.30.jpeg 480w\" sizes=\"(max-width: 150px) 100vw, 150px\" \/>\t\t\t\t\t\t\t\t\t\t\t\t\t\t\t<\/div>\n\t\t\t\t<\/div>\n\t\t\t\t<\/div>\n\t\t\t\t\t<\/div>\n\t\t\t\t<\/div>\n\t\t\t\t\t\t\t<\/div>\n\t\t","protected":false},"excerpt":{"rendered":"<p>Parceiros Pent\u00e1gono Col\u00e9gio e Curso Localizado em Jaboat\u00e3o dos Guararapes &#8211; PE, o\u00a0Pent\u00e1gono Col\u00e9gio e Curso\u00a0\u00e9 uma institui\u00e7\u00e3o de ensino particular que atua com o objetivo de ofertar educa\u00e7\u00e3o de qualidade e excel\u00eancia aos seus alunos, formando intelectualmente e contribuindo para a forma\u00e7\u00e3o de cidad\u00e3os. Saiba mais Conselho Regional de Administra\u00e7\u00e3o do Cear\u00e1 \u00c9 a [&hellip;]<\/p>\n","protected":false},"author":1,"featured_media":0,"parent":0,"menu_order":0,"comment_status":"closed","ping_status":"closed","template":"elementor_header_footer","meta":{"footnotes":"","_joinchat":[]},"_links":{"self":[{"href":"https:\/\/biposgrado.com\/index.php\/wp-json\/wp\/v2\/pages\/17"}],"collection":[{"href":"https:\/\/biposgrado.com\/index.php\/wp-json\/wp\/v2\/pages"}],"about":[{"href":"https:\/\/biposgrado.com\/index.php\/wp-json\/wp\/v2\/types\/page"}],"author":[{"embeddable":true,"href":"https:\/\/biposgrado.com\/index.php\/wp-json\/wp\/v2\/users\/1"}],"replies":[{"embeddable":true,"href":"https:\/\/biposgrado.com\/index.php\/wp-json\/wp\/v2\/comments?post=17"}],"version-history":[{"count":73,"href":"https:\/\/biposgrado.com\/index.php\/wp-json\/wp\/v2\/pages\/17\/revisions"}],"predecessor-version":[{"id":876,"href":"https:\/\/biposgrado.com\/index.php\/wp-json\/wp\/v2\/pages\/17\/revisions\/876"}],"wp:attachment":[{"href":"https:\/\/biposgrado.com\/index.php\/wp-json\/wp\/v2\/media?parent=17"}],"curies":[{"name":"wp","href":"https:\/\/api.w.org\/{rel}","templated":true}]}}