{"id":23,"date":"2023-09-11T18:37:21","date_gmt":"2023-09-11T21:37:21","guid":{"rendered":"https:\/\/biposgrado.com\/?page_id=23"},"modified":"2023-09-12T11:08:59","modified_gmt":"2023-09-12T14:08:59","slug":"equipe","status":"publish","type":"page","link":"https:\/\/biposgrado.com\/index.php\/equipe\/","title":{"rendered":"Equipe"},"content":{"rendered":"\t\t<div data-elementor-type=\"wp-page\" data-elementor-id=\"23\" class=\"elementor elementor-23\" data-elementor-post-type=\"page\">\n\t\t\t\t\t\t\t<div class=\"elementor-element elementor-element-a20d5db e-flex e-con-boxed e-con\" data-id=\"a20d5db\" data-element_type=\"container\" data-settings=\"{&quot;content_width&quot;:&quot;boxed&quot;}\">\n\t\t\t\t\t<div class=\"e-con-inner\">\n\t\t\t\t<div class=\"elementor-element elementor-element-f5b85d5 elementor-widget elementor-widget-heading\" data-id=\"f5b85d5\" data-element_type=\"widget\" data-widget_type=\"heading.default\">\n\t\t\t\t<div class=\"elementor-widget-container\">\n\t\t\t<style>\/*! elementor - v3.15.0 - 20-08-2023 *\/\n.elementor-heading-title{padding:0;margin:0;line-height:1}.elementor-widget-heading .elementor-heading-title[class*=elementor-size-]>a{color:inherit;font-size:inherit;line-height:inherit}.elementor-widget-heading .elementor-heading-title.elementor-size-small{font-size:15px}.elementor-widget-heading .elementor-heading-title.elementor-size-medium{font-size:19px}.elementor-widget-heading .elementor-heading-title.elementor-size-large{font-size:29px}.elementor-widget-heading .elementor-heading-title.elementor-size-xl{font-size:39px}.elementor-widget-heading .elementor-heading-title.elementor-size-xxl{font-size:59px}<\/style><h2 class=\"elementor-heading-title elementor-size-default\"><div><br><\/div><span style=\"font-family: Raleway, sans-serif; font-size: 32px; font-weight: 500; white-space-collapse: collapse;\">Nossos Colaboradores e Orientadores<\/span><\/h2>\t\t<\/div>\n\t\t\t\t<\/div>\n\t\t\t\t<div class=\"elementor-element elementor-element-3ce433e elementor-widget elementor-widget-text-editor\" data-id=\"3ce433e\" data-element_type=\"widget\" data-widget_type=\"text-editor.default\">\n\t\t\t\t<div class=\"elementor-widget-container\">\n\t\t\t<style>\/*! elementor - v3.15.0 - 20-08-2023 *\/\n.elementor-widget-text-editor.elementor-drop-cap-view-stacked .elementor-drop-cap{background-color:#69727d;color:#fff}.elementor-widget-text-editor.elementor-drop-cap-view-framed .elementor-drop-cap{color:#69727d;border:3px solid;background-color:transparent}.elementor-widget-text-editor:not(.elementor-drop-cap-view-default) .elementor-drop-cap{margin-top:8px}.elementor-widget-text-editor:not(.elementor-drop-cap-view-default) .elementor-drop-cap-letter{width:1em;height:1em}.elementor-widget-text-editor .elementor-drop-cap{float:left;text-align:center;line-height:1;font-size:50px}.elementor-widget-text-editor .elementor-drop-cap-letter{display:inline-block}<\/style>\t\t\t\t<p style=\"margin-bottom: 1rem; font-family: &quot;Open Sans&quot;, sans-serif; font-size: 16px;\">O Bureau Internacional de Posgrado LTDA (BIPOSGRADO) \u00e9 um Instituto recomendado e credenciado por v\u00e1rias Institui\u00e7\u00f5es Educacionais Nacionais e Internacionais.<\/p><p style=\"margin-bottom: 1rem; font-family: &quot;Open Sans&quot;, sans-serif; font-size: 16px;\">Este feito nos permitiu construir uma ampla malha de professores mestres e doutores espalhados por v\u00e1rias Unidades do territ\u00f3rio brasileiro.<\/p><p style=\"margin-bottom: 1rem; font-family: &quot;Open Sans&quot;, sans-serif; font-size: 16px;\">Estes profissionais colaboram, n\u00e3o apenas com nossos projetos educacionais, mas tamb\u00e9m orientam e facilitam o desenvolvimento das produ\u00e7\u00f5es e das pesquisas dos nossos investigadores (Disserta\u00e7\u00f5es e Teses), bem como uma vasta experi\u00eancia nos tr\u00e2mites na revalida\u00e7\u00e3o dos diplomas.<\/p><div><br><\/div>\t\t\t\t\t\t<\/div>\n\t\t\t\t<\/div>\n\t\t\t\t\t<\/div>\n\t\t\t\t<\/div>\n\t\t\t\t\t\t\t<\/div>\n\t\t","protected":false},"excerpt":{"rendered":"<p>Nossos Colaboradores e Orientadores O Bureau Internacional de Posgrado LTDA (BIPOSGRADO) \u00e9 um Instituto recomendado e credenciado por v\u00e1rias Institui\u00e7\u00f5es Educacionais Nacionais e Internacionais. Este feito nos permitiu construir uma ampla malha de professores mestres e doutores espalhados por v\u00e1rias Unidades do territ\u00f3rio brasileiro. Estes profissionais colaboram, n\u00e3o apenas com nossos projetos educacionais, mas tamb\u00e9m [&hellip;]<\/p>\n","protected":false},"author":1,"featured_media":0,"parent":0,"menu_order":0,"comment_status":"closed","ping_status":"closed","template":"elementor_header_footer","meta":{"footnotes":"","_joinchat":[]},"_links":{"self":[{"href":"https:\/\/biposgrado.com\/index.php\/wp-json\/wp\/v2\/pages\/23"}],"collection":[{"href":"https:\/\/biposgrado.com\/index.php\/wp-json\/wp\/v2\/pages"}],"about":[{"href":"https:\/\/biposgrado.com\/index.php\/wp-json\/wp\/v2\/types\/page"}],"author":[{"embeddable":true,"href":"https:\/\/biposgrado.com\/index.php\/wp-json\/wp\/v2\/users\/1"}],"replies":[{"embeddable":true,"href":"https:\/\/biposgrado.com\/index.php\/wp-json\/wp\/v2\/comments?post=23"}],"version-history":[{"count":7,"href":"https:\/\/biposgrado.com\/index.php\/wp-json\/wp\/v2\/pages\/23\/revisions"}],"predecessor-version":[{"id":524,"href":"https:\/\/biposgrado.com\/index.php\/wp-json\/wp\/v2\/pages\/23\/revisions\/524"}],"wp:attachment":[{"href":"https:\/\/biposgrado.com\/index.php\/wp-json\/wp\/v2\/media?parent=23"}],"curies":[{"name":"wp","href":"https:\/\/api.w.org\/{rel}","templated":true}]}}