{"id":25,"date":"2023-09-11T18:37:37","date_gmt":"2023-09-11T21:37:37","guid":{"rendered":"https:\/\/biposgrado.com\/?page_id=25"},"modified":"2023-09-14T20:07:11","modified_gmt":"2023-09-14T23:07:11","slug":"informacoes-uteis","status":"publish","type":"page","link":"https:\/\/biposgrado.com\/index.php\/informacoes-uteis\/","title":{"rendered":"Informa\u00e7\u00f5es \u00dateis"},"content":{"rendered":"\t\t<div data-elementor-type=\"wp-page\" data-elementor-id=\"25\" class=\"elementor elementor-25\" data-elementor-post-type=\"page\">\n\t\t\t\t\t\t\t<div class=\"elementor-element elementor-element-6ac9bca e-flex e-con-boxed e-con\" data-id=\"6ac9bca\" data-element_type=\"container\" data-settings=\"{&quot;content_width&quot;:&quot;boxed&quot;}\">\n\t\t\t\t\t<div class=\"e-con-inner\">\n\t\t\t\t<div class=\"elementor-element elementor-element-09a2d0a elementor-widget elementor-widget-heading\" data-id=\"09a2d0a\" data-element_type=\"widget\" data-widget_type=\"heading.default\">\n\t\t\t\t<div class=\"elementor-widget-container\">\n\t\t\t<style>\/*! elementor - v3.15.0 - 20-08-2023 *\/\n.elementor-heading-title{padding:0;margin:0;line-height:1}.elementor-widget-heading .elementor-heading-title[class*=elementor-size-]>a{color:inherit;font-size:inherit;line-height:inherit}.elementor-widget-heading .elementor-heading-title.elementor-size-small{font-size:15px}.elementor-widget-heading .elementor-heading-title.elementor-size-medium{font-size:19px}.elementor-widget-heading .elementor-heading-title.elementor-size-large{font-size:29px}.elementor-widget-heading .elementor-heading-title.elementor-size-xl{font-size:39px}.elementor-widget-heading .elementor-heading-title.elementor-size-xxl{font-size:59px}<\/style><h2 class=\"elementor-heading-title elementor-size-default\"><h3 style=\"margin-top: 0px; margin-bottom: 0.5rem; line-height: 1.2; font-size: 1.75rem; font-family: Raleway, sans-serif; color: rgb(68, 68, 68); letter-spacing: normal; text-align: left; white-space-collapse: collapse;\"><span style=\"font-weight: bolder;\">INFORMA\u00c7\u00d5ES \u00daTEIS<\/span><\/h3><\/h2>\t\t<\/div>\n\t\t\t\t<\/div>\n\t\t\t\t<div class=\"elementor-element elementor-element-fb7bcbd elementor-widget elementor-widget-heading\" data-id=\"fb7bcbd\" data-element_type=\"widget\" data-widget_type=\"heading.default\">\n\t\t\t\t<div class=\"elementor-widget-container\">\n\t\t\t<h2 class=\"elementor-heading-title elementor-size-default\"><h4 style=\"margin-top: 0px; margin-bottom: 0.5rem; line-height: 1.2; font-size: 1.5rem; font-family: Raleway, sans-serif; color: rgb(68, 68, 68); letter-spacing: normal; text-align: left; white-space-collapse: collapse;\"><span style=\"font-weight: bolder;\">DICAS DE VIAGEM<\/span><\/h4><\/h2>\t\t<\/div>\n\t\t\t\t<\/div>\n\t\t\t\t<div class=\"elementor-element elementor-element-bb9fb41 elementor-widget elementor-widget-text-editor\" data-id=\"bb9fb41\" data-element_type=\"widget\" data-widget_type=\"text-editor.default\">\n\t\t\t\t<div class=\"elementor-widget-container\">\n\t\t\t<style>\/*! elementor - v3.15.0 - 20-08-2023 *\/\n.elementor-widget-text-editor.elementor-drop-cap-view-stacked .elementor-drop-cap{background-color:#69727d;color:#fff}.elementor-widget-text-editor.elementor-drop-cap-view-framed .elementor-drop-cap{color:#69727d;border:3px solid;background-color:transparent}.elementor-widget-text-editor:not(.elementor-drop-cap-view-default) .elementor-drop-cap{margin-top:8px}.elementor-widget-text-editor:not(.elementor-drop-cap-view-default) .elementor-drop-cap-letter{width:1em;height:1em}.elementor-widget-text-editor .elementor-drop-cap{float:left;text-align:center;line-height:1;font-size:50px}.elementor-widget-text-editor .elementor-drop-cap-letter{display:inline-block}<\/style>\t\t\t\t<p style=\"margin-bottom: 1rem; font-family: &quot;Open Sans&quot;, sans-serif; font-size: 16px;\"><span style=\"color: var( --e-global-color-text ); font-weight: var( --e-global-typography-text-font-weight ); text-align: var(--text-align); letter-spacing: 0px;\">\u2714\ufe0f&nbsp;<\/span><span style=\"color: var( --e-global-color-text ); font-weight: var( --e-global-typography-text-font-weight ); text-align: var(--text-align); letter-spacing: 0px;\">O calend\u00e1rio de in\u00edcio das&nbsp; aulas \u00e9 disponibilizado pelas universidades com bastante anteced\u00eancia, para o melhor planejamento financeiro dos candidatos. Converse com a assessoria para maiores informa\u00e7\u00f5es.&nbsp;<\/span><\/p>\n<p style=\"margin-bottom: 1rem;\"><font face=\"Open Sans, sans-serif\"><span style=\"font-size: 16px;\">\u2714\ufe0f No Paraguai pode ingressar com passaporte ou RG que n\u00e3o tenha mais de 10 anos de emiss\u00e3o, se seu RG n\u00e3o \u00e9 muito antigo pode ingressar com ele sem passaporte. \u00c9 importante passar na imigra\u00e7\u00e3o (Ciudad del Este ou Assun\u00e7\u00e3o) para carimbo do passaporte ou permiss\u00e3o de entrada e na sa\u00edda tamb\u00e9m para dar baixa.&nbsp;<\/span><\/font><\/p>\n<p style=\"margin-bottom: 1rem;\"><font face=\"Open Sans, sans-serif\"><span style=\"font-size: 16px;\">\u2714\ufe0f Sem Vacina da Febre Amarela, Covid e cart\u00e3o de vacina\u00e7\u00e3o Internacional que expede a Anvisa do Brasil n\u00e3o ingressam ao pa\u00eds.&nbsp;<\/span><\/font><\/p>\n<p style=\"margin-bottom: 1rem;\"><font face=\"Open Sans, sans-serif\"><span style=\"font-size: 16px;\">\u2714\ufe0f Posteriormente ser\u00e3o disponibilizados os contatos para troca de dinheiro, transportes e demais servi\u00e7os que possam ser necess\u00e1rios.&nbsp;<\/span><\/font><\/p>\n<p style=\"margin-bottom: 1rem;\"><span style=\"font-size: 16px; font-family: &quot;Open Sans&quot;, sans-serif; color: var( --e-global-color-text ); font-weight: var( --e-global-typography-text-font-weight ); text-align: var(--text-align); letter-spacing: 0px;\">\u2714\ufe0f Janeiro costuma ser um m\u00eas bastante quente, dessa forma, roupas leves s\u00e3o recomendadas. Julho \u00e9 costumeiramente \u00e9poca de inverno, recomendamos levar casacos, cal\u00e7as, luvas e outros. Roupas leves tamb\u00e9m precisam ser levadas, pois haver\u00e1 dias de calor.<\/span><\/p>\n<p style=\"margin-bottom: 1rem;\"><font face=\"Open Sans, sans-serif\"><span style=\"font-size: 16px;\">\u2714\ufe0f A comida \u00e9 semelhante ao Brasil em variedade e pre\u00e7o nos restaurantes que se encontram ao redor das Universidades (n\u00e3o s\u00e3o restaurantes de luxo), mas oferecem comida de boa qualidade.&nbsp;<\/span><\/font><\/p>\n<p style=\"margin-bottom: 1rem;\"><span style=\"font-size: 16px; font-family: &quot;Open Sans&quot;, sans-serif; color: var( --e-global-color-text ); font-weight: var( --e-global-typography-text-font-weight ); text-align: var(--text-align); letter-spacing: 0px;\">\u2714\ufe0f Os alunos que fizeram Mestrado em pa\u00edses fora do Mercosul t\u00eam que tratar o reconhecimento do seus diplomas no CONES do Paraguai durante o curso, antes da defesa (os que cursaram no Brasil ou outro pa\u00eds do Mercosul n\u00e3o precisam).<\/span><br><\/p>\n<p style=\"margin-bottom: 1rem;\"><span style=\"font-size: 16px; font-family: &quot;Open Sans&quot;, sans-serif; color: var( --e-global-color-text ); font-weight: var( --e-global-typography-text-font-weight ); text-align: var(--text-align); letter-spacing: 0px;\">\u2714\ufe0f Por seguran\u00e7a \u00e9 importante levar os diplomas e documentos originais.&nbsp;<\/span><br><\/p>\n<p style=\"margin-bottom: 1rem;\"><span style=\"font-size: 16px; font-family: &quot;Open Sans&quot;, sans-serif; color: var( --e-global-color-text ); font-weight: var( --e-global-typography-text-font-weight ); text-align: var(--text-align); letter-spacing: 0px;\">\u2714\ufe0f As faculdades est\u00e3o localizadas em \u00e1reas estrat\u00e9gicas de Assun\u00e7\u00e3o. \u00c9 bastante f\u00e1cil encontrar farm\u00e1cias, shoppings, casas de c\u00e2mbio, entre outras coisas.<\/span><br><\/p>\n<p style=\"margin-bottom: 1rem;\"><span style=\"font-size: 16px; font-family: &quot;Open Sans&quot;, sans-serif; color: var( --e-global-color-text ); font-weight: var( --e-global-typography-text-font-weight ); text-align: var(--text-align); letter-spacing: 0px;\">\u2714\ufe0f Recomendamos levar uma quantia em dinheiro para gastos com alimenta\u00e7\u00e3o, transporte e lazer ou cart\u00e3o de cr\u00e9dito (desbloqueio junto \u00e0 operadora para compras internacionais), sendo esse usado em \u00faltima inst\u00e2ncia.&nbsp;<\/span><br><\/p>\n<p style=\"margin-bottom: 1rem;\"><span style=\"font-size: 16px; font-family: &quot;Open Sans&quot;, sans-serif; color: var( --e-global-color-text ); font-weight: var( --e-global-typography-text-font-weight ); text-align: var(--text-align); letter-spacing: 0px;\">\u2714\ufe0f Recomendamos que cada aluno leve seu notebook. As atividades ser\u00e3o entregues nas plataformas das faculdades.<\/span><br><\/p>\n<p style=\"margin-bottom: 1rem;\"><span style=\"font-size: 16px; font-family: &quot;Open Sans&quot;, sans-serif; color: var( --e-global-color-text ); font-weight: var( --e-global-typography-text-font-weight ); text-align: var(--text-align); letter-spacing: 0px;\">\u2714\ufe0f Para realizar chamadas internacionais \u00e9 necess\u00e1rio solicitar o desbloqueio junto \u00e0 sua operadora. Recomendamos tamb\u00e9m a compra de um chip no local para uso dos dados m\u00f3veis nos aplicativos.&nbsp;<\/span><br><\/p>\n<p style=\"margin-bottom: 1rem;\"><span style=\"font-size: 16px; font-family: &quot;Open Sans&quot;, sans-serif; color: var( --e-global-color-text ); font-weight: var( --e-global-typography-text-font-weight ); text-align: var(--text-align); letter-spacing: 0px;\">\u2714\ufe0f Recomendamos o uso de aplicativos de mobilidade (BOLT), pois viagens de t\u00e1xi s\u00e3o caras.<\/span><br><\/p>\n<p style=\"margin-bottom: 1rem;\"><span style=\"font-size: 16px; font-family: &quot;Open Sans&quot;, sans-serif; color: var( --e-global-color-text ); font-weight: var( --e-global-typography-text-font-weight ); text-align: var(--text-align); letter-spacing: 0px;\">\u2714\ufe0f Aquisi\u00e7\u00e3o de adaptador para tomadas. A voltagem em Assun\u00e7\u00e3o \u00e9 de 220V.&nbsp;<\/span><br><\/p>\n<p style=\"margin-bottom: 1rem;\"><span style=\"font-size: 16px; font-family: &quot;Open Sans&quot;, sans-serif; color: var( --e-global-color-text ); font-weight: var( --e-global-typography-text-font-weight ); text-align: var(--text-align); letter-spacing: 0px;\">\u2714\ufe0f Lembrar SEMPRE de solicitar recibos e\/ou declara\u00e7\u00f5es de compras e servi\u00e7os para futura comprova\u00e7\u00e3o na revalida\u00e7\u00e3o dos diplomas.<\/span><br><\/p>\t\t\t\t\t\t<\/div>\n\t\t\t\t<\/div>\n\t\t\t\t<div class=\"elementor-element elementor-element-8369c87 elementor-widget elementor-widget-heading\" data-id=\"8369c87\" data-element_type=\"widget\" data-widget_type=\"heading.default\">\n\t\t\t\t<div class=\"elementor-widget-container\">\n\t\t\t<h2 class=\"elementor-heading-title elementor-size-default\"><h4 style=\"margin-top: 0px; margin-bottom: 0.5rem; line-height: 1.2; font-size: 1.5rem; font-family: Raleway, sans-serif; color: rgb(68, 68, 68); letter-spacing: normal; text-align: left; white-space-collapse: collapse;\"><span style=\"font-weight: bolder;\">REVALIDA\u00c7\u00c3O DE DIPLOMAS \u2013 MINIST\u00c9RIO DA EDUCA\u00c7\u00c3O<\/span><\/h4><\/h2>\t\t<\/div>\n\t\t\t\t<\/div>\n\t\t\t\t<div class=\"elementor-element elementor-element-46ea040 elementor-widget elementor-widget-text-editor\" data-id=\"46ea040\" data-element_type=\"widget\" data-widget_type=\"text-editor.default\">\n\t\t\t\t<div class=\"elementor-widget-container\">\n\t\t\t\t\t\t\t<p style=\"margin-bottom: 1rem; font-family: 'Open Sans', sans-serif; font-size: 16px;\">Atualmente, para ter validade nacional, o diploma de gradua\u00e7\u00e3o tem que ser revalidado por universidade brasileira p\u00fablica, regularmente credenciada e mantida pelo Poder P\u00fablico, que tenha curso reconhecido do mesmo n\u00edvel e \u00e1rea ou equivalente.<\/p><p style=\"margin-bottom: 1rem; font-family: 'Open Sans', sans-serif; font-size: 16px;\">Primeiramente, \u00e9 necess\u00e1rio entrar com um requerimento de revalida\u00e7\u00e3o em uma institui\u00e7\u00e3o p\u00fablica de ensino superior do Brasil.<\/p><p style=\"margin-bottom: 1rem; font-family: 'Open Sans', sans-serif; font-size: 16px;\">De acordo com a regulamenta\u00e7\u00e3o, apenas as universidades p\u00fablicas podem revalidar diplomas:<\/p><p style=\"margin-bottom: 1rem; font-family: 'Open Sans', sans-serif; font-size: 16px;\">\u201cOs diplomas de gradua\u00e7\u00e3o expedidos por universidades estrangeiras ser\u00e3o revalidados por universidades p\u00fablicas que tenham curso do mesmo n\u00edvel e \u00e1rea ou equivalente, respeitando-se os acordos internacionais de reciprocidade ou equipara\u00e7\u00e3o\u201d. (Art. 48, \u00a7 2\u00ba, Lei de Diretrizes e Bases da Educa\u00e7\u00e3o Nacional \u2013 Lei n\u00ba 9.394, de 20\/12\/1996).<\/p><p style=\"margin-bottom: 1rem; font-family: 'Open Sans', sans-serif; font-size: 16px;\">De acordo com a Portaria Normativa MEC n. 22 de 13 de dezembro de 2016, a revalida\u00e7\u00e3o de diplomas de gradua\u00e7\u00e3o poder\u00e1 ter tramita\u00e7\u00e3o regular ou tramita\u00e7\u00e3o simplificada.<\/p><p style=\"margin-bottom: 1rem; font-family: 'Open Sans', sans-serif; font-size: 16px;\">A documenta\u00e7\u00e3o a ser apresentada ir\u00e1 variar de acordo com o tipo de tramita\u00e7\u00e3o a ser realizada pela institui\u00e7\u00e3o de educa\u00e7\u00e3o superior.<\/p><p style=\"margin-bottom: 1rem; font-family: 'Open Sans', sans-serif; font-size: 16px;\">O aluno dever\u00e1 pagar uma taxa referente ao custeio das despesas administrativas. O valor da taxa n\u00e3o \u00e9 prefixado nem pelo Conselho Nacional de Educa\u00e7\u00e3o e nem pelo Minist\u00e9rio da Educa\u00e7\u00e3o, e pode variar de institui\u00e7\u00e3o para institui\u00e7\u00e3o.<\/p><p style=\"margin-bottom: 1rem; font-family: 'Open Sans', sans-serif; font-size: 16px;\">O prazo para a universidade se manifestar sobre o requerimento de revalida\u00e7\u00e3o de diplomas de gradua\u00e7\u00e3o por tramita\u00e7\u00e3o regular \u00e9 de at\u00e9 180 dias e por tramita\u00e7\u00e3o simplificada \u00e9 de at\u00e9 60 dias, a contar da data de entrega da documenta\u00e7\u00e3o necess\u00e1ria.<\/p><p style=\"margin-bottom: 1rem; font-family: 'Open Sans', sans-serif; font-size: 16px;\">O Brasil n\u00e3o possui nenhum acordo de revalida\u00e7\u00e3o\/reconhecimento autom\u00e1tico de diplomas de n\u00edvel superior com nenhum pa\u00eds. Portanto, as regras s\u00e3o as mesmas para todos os pa\u00edses.<\/p><p style=\"margin-bottom: 1rem; font-family: 'Open Sans', sans-serif; font-size: 16px;\">O Minist\u00e9rio da Educa\u00e7\u00e3o criou um portal espec\u00edfico sobre o tema com informa\u00e7\u00f5es detalhadas \u2013 a Plataforma Carolina Bori.<\/p><p style=\"margin-bottom: 1rem; font-family: 'Open Sans', sans-serif; font-size: 16px;\">Fonte\u00a0<i><a style=\"color: #d2c726;\" href=\"http:\/\/portal.mec.gov.br\/revalidacao-de-diplomas\" target=\"_blank\" rel=\"noopener\">http:\/\/portal.mec.gov.br\/revalidacao-de-diplomas<\/a><\/i><\/p>\t\t\t\t\t\t<\/div>\n\t\t\t\t<\/div>\n\t\t\t\t\t<\/div>\n\t\t\t\t<\/div>\n\t\t\t\t\t\t\t<\/div>\n\t\t","protected":false},"excerpt":{"rendered":"<p>INFORMA\u00c7\u00d5ES \u00daTEIS DICAS DE VIAGEM \u2714\ufe0f&nbsp;O calend\u00e1rio de in\u00edcio das&nbsp; aulas \u00e9 disponibilizado pelas universidades com bastante anteced\u00eancia, para o melhor planejamento financeiro dos candidatos. Converse com a assessoria para maiores informa\u00e7\u00f5es.&nbsp; \u2714\ufe0f No Paraguai pode ingressar com passaporte ou RG que n\u00e3o tenha mais de 10 anos de emiss\u00e3o, se seu RG n\u00e3o \u00e9 [&hellip;]<\/p>\n","protected":false},"author":1,"featured_media":0,"parent":0,"menu_order":0,"comment_status":"closed","ping_status":"closed","template":"elementor_header_footer","meta":{"footnotes":"","_joinchat":[]},"_links":{"self":[{"href":"https:\/\/biposgrado.com\/index.php\/wp-json\/wp\/v2\/pages\/25"}],"collection":[{"href":"https:\/\/biposgrado.com\/index.php\/wp-json\/wp\/v2\/pages"}],"about":[{"href":"https:\/\/biposgrado.com\/index.php\/wp-json\/wp\/v2\/types\/page"}],"author":[{"embeddable":true,"href":"https:\/\/biposgrado.com\/index.php\/wp-json\/wp\/v2\/users\/1"}],"replies":[{"embeddable":true,"href":"https:\/\/biposgrado.com\/index.php\/wp-json\/wp\/v2\/comments?post=25"}],"version-history":[{"count":22,"href":"https:\/\/biposgrado.com\/index.php\/wp-json\/wp\/v2\/pages\/25\/revisions"}],"predecessor-version":[{"id":703,"href":"https:\/\/biposgrado.com\/index.php\/wp-json\/wp\/v2\/pages\/25\/revisions\/703"}],"wp:attachment":[{"href":"https:\/\/biposgrado.com\/index.php\/wp-json\/wp\/v2\/media?parent=25"}],"curies":[{"name":"wp","href":"https:\/\/api.w.org\/{rel}","templated":true}]}}