{"id":418,"date":"2023-09-12T08:00:57","date_gmt":"2023-09-12T11:00:57","guid":{"rendered":"https:\/\/biposgrado.com\/?page_id=418"},"modified":"2023-09-12T08:03:39","modified_gmt":"2023-09-12T11:03:39","slug":"pacote-soft","status":"publish","type":"page","link":"https:\/\/biposgrado.com\/index.php\/pacote-soft\/","title":{"rendered":"Pacote Soft"},"content":{"rendered":"\t\t<div data-elementor-type=\"wp-page\" data-elementor-id=\"418\" class=\"elementor elementor-418\" data-elementor-post-type=\"page\">\n\t\t\t\t\t\t\t<div class=\"elementor-element elementor-element-984d119 e-flex e-con-boxed e-con\" data-id=\"984d119\" data-element_type=\"container\" data-settings=\"{&quot;content_width&quot;:&quot;boxed&quot;}\">\n\t\t\t\t\t<div class=\"e-con-inner\">\n\t\t\t\t<div class=\"elementor-element elementor-element-dcf00ef elementor-widget elementor-widget-image\" data-id=\"dcf00ef\" data-element_type=\"widget\" data-widget_type=\"image.default\">\n\t\t\t\t<div class=\"elementor-widget-container\">\n\t\t\t<style>\/*! elementor - v3.15.0 - 20-08-2023 *\/\n.elementor-widget-image{text-align:center}.elementor-widget-image a{display:inline-block}.elementor-widget-image a img[src$=\".svg\"]{width:48px}.elementor-widget-image img{vertical-align:middle;display:inline-block}<\/style>\t\t\t\t\t\t\t\t\t\t\t\t<img decoding=\"async\" src=\"https:\/\/biposgrado.com\/wp-content\/uploads\/2023\/09\/pacote-soft-scaled.jpg\" title=\"pacote-soft\" alt=\"pacote-soft\" loading=\"lazy\" \/>\t\t\t\t\t\t\t\t\t\t\t\t\t\t\t<\/div>\n\t\t\t\t<\/div>\n\t\t\t\t\t<\/div>\n\t\t\t\t<\/div>\n\t\t<div class=\"elementor-element elementor-element-ae30e2a e-flex e-con-boxed e-con\" data-id=\"ae30e2a\" data-element_type=\"container\" data-settings=\"{&quot;content_width&quot;:&quot;boxed&quot;}\">\n\t\t\t\t\t<div class=\"e-con-inner\">\n\t\t\t\t<div class=\"elementor-element elementor-element-0b47361 elementor-widget elementor-widget-heading\" data-id=\"0b47361\" data-element_type=\"widget\" data-widget_type=\"heading.default\">\n\t\t\t\t<div class=\"elementor-widget-container\">\n\t\t\t<style>\/*! elementor - v3.15.0 - 20-08-2023 *\/\n.elementor-heading-title{padding:0;margin:0;line-height:1}.elementor-widget-heading .elementor-heading-title[class*=elementor-size-]>a{color:inherit;font-size:inherit;line-height:inherit}.elementor-widget-heading .elementor-heading-title.elementor-size-small{font-size:15px}.elementor-widget-heading .elementor-heading-title.elementor-size-medium{font-size:19px}.elementor-widget-heading .elementor-heading-title.elementor-size-large{font-size:29px}.elementor-widget-heading .elementor-heading-title.elementor-size-xl{font-size:39px}.elementor-widget-heading .elementor-heading-title.elementor-size-xxl{font-size:59px}<\/style><h2 class=\"elementor-heading-title elementor-size-default\"><h3 style=\"margin-top: 30px; font-weight: 700; line-height: 1.2; font-size: 24px; font-family: Raleway, sans-serif; position: relative; padding-bottom: 10px; color: rgb(68, 68, 68); letter-spacing: normal; text-align: left; white-space-collapse: collapse;\">PACOTE SOFT<\/h3><\/h2>\t\t<\/div>\n\t\t\t\t<\/div>\n\t\t\t\t<div class=\"elementor-element elementor-element-cd2f5db elementor-widget elementor-widget-text-editor\" data-id=\"cd2f5db\" data-element_type=\"widget\" data-widget_type=\"text-editor.default\">\n\t\t\t\t<div class=\"elementor-widget-container\">\n\t\t\t<style>\/*! elementor - v3.15.0 - 20-08-2023 *\/\n.elementor-widget-text-editor.elementor-drop-cap-view-stacked .elementor-drop-cap{background-color:#69727d;color:#fff}.elementor-widget-text-editor.elementor-drop-cap-view-framed .elementor-drop-cap{color:#69727d;border:3px solid;background-color:transparent}.elementor-widget-text-editor:not(.elementor-drop-cap-view-default) .elementor-drop-cap{margin-top:8px}.elementor-widget-text-editor:not(.elementor-drop-cap-view-default) .elementor-drop-cap-letter{width:1em;height:1em}.elementor-widget-text-editor .elementor-drop-cap{float:left;text-align:center;line-height:1;font-size:50px}.elementor-widget-text-editor .elementor-drop-cap-letter{display:inline-block}<\/style>\t\t\t\t<ul style=\"margin-bottom: 1rem; font-family: 'Open Sans', sans-serif; font-size: 16px; list-style-type: none;\"><li><p style=\"margin-bottom: 1rem;\">\u2022 Inscri\u00e7\u00e3o e juntada de todos os documentos necess\u00e1rios para o programa de mestrado\/ou doutorado escolhido pelo candidato;<\/p><\/li><li><p style=\"margin-bottom: 1rem;\">\u00a0\u2022 Envio da documenta\u00e7\u00e3o, recebimento e repasse dos valores de inscri\u00e7\u00e3o e matr\u00edcula para a Universidade escolhida;<\/p><\/li><li><p style=\"margin-bottom: 1rem;\">\u00a0\u2022 Acompanhamento dos estudantes at\u00e9 o pa\u00eds onde ser\u00e1 feita a quita\u00e7\u00e3o das disciplinas presenciais (se for aplic\u00e1vel);<\/p><\/li><li><p style=\"margin-bottom: 1rem;\">\u00a0\u2022 Indica\u00e7\u00f5es de moradia, alimenta\u00e7\u00e3o, transporte e demais servi\u00e7os que se fa\u00e7am necess\u00e1rios durante o per\u00edodo de perman\u00eancia no pa\u00eds;<\/p><\/li><li><p style=\"margin-bottom: 1rem;\">\u00a0\u2022 Acompanhamento dos tr\u00e2mites da\u00a0<span style=\"font-weight: bolder;\">revalida\u00e7\u00e3o dos diplomas<span title=\"As normas das revalida\u00e7\u00e3o podem ser consultadas na plataforma Carolina bore\" data-toggle=\"tooltip\" data-placement=\"top\">*<\/span><\/span>\u00a0junto \u00e0s institui\u00e7\u00f5es de ensino superior do Brasil.<\/p><p style=\"margin-bottom: 1rem;\">* As normas das revalida\u00e7\u00e3o podem ser consultadas na plataforma Carolina Bori<\/p><\/li><\/ul>\t\t\t\t\t\t<\/div>\n\t\t\t\t<\/div>\n\t\t\t\t\t<\/div>\n\t\t\t\t<\/div>\n\t\t\t\t\t\t\t<\/div>\n\t\t","protected":false},"excerpt":{"rendered":"<p>PACOTE SOFT \u2022 Inscri\u00e7\u00e3o e juntada de todos os documentos necess\u00e1rios para o programa de mestrado\/ou doutorado escolhido pelo candidato; \u00a0\u2022 Envio da documenta\u00e7\u00e3o, recebimento e repasse dos valores de inscri\u00e7\u00e3o e matr\u00edcula para a Universidade escolhida; \u00a0\u2022 Acompanhamento dos estudantes at\u00e9 o pa\u00eds onde ser\u00e1 feita a quita\u00e7\u00e3o das disciplinas presenciais (se for aplic\u00e1vel); [&hellip;]<\/p>\n","protected":false},"author":1,"featured_media":0,"parent":0,"menu_order":0,"comment_status":"closed","ping_status":"closed","template":"elementor_header_footer","meta":{"footnotes":"","_joinchat":[]},"_links":{"self":[{"href":"https:\/\/biposgrado.com\/index.php\/wp-json\/wp\/v2\/pages\/418"}],"collection":[{"href":"https:\/\/biposgrado.com\/index.php\/wp-json\/wp\/v2\/pages"}],"about":[{"href":"https:\/\/biposgrado.com\/index.php\/wp-json\/wp\/v2\/types\/page"}],"author":[{"embeddable":true,"href":"https:\/\/biposgrado.com\/index.php\/wp-json\/wp\/v2\/users\/1"}],"replies":[{"embeddable":true,"href":"https:\/\/biposgrado.com\/index.php\/wp-json\/wp\/v2\/comments?post=418"}],"version-history":[{"count":4,"href":"https:\/\/biposgrado.com\/index.php\/wp-json\/wp\/v2\/pages\/418\/revisions"}],"predecessor-version":[{"id":424,"href":"https:\/\/biposgrado.com\/index.php\/wp-json\/wp\/v2\/pages\/418\/revisions\/424"}],"wp:attachment":[{"href":"https:\/\/biposgrado.com\/index.php\/wp-json\/wp\/v2\/media?parent=418"}],"curies":[{"name":"wp","href":"https:\/\/api.w.org\/{rel}","templated":true}]}}