{"id":425,"date":"2023-09-12T08:08:48","date_gmt":"2023-09-12T11:08:48","guid":{"rendered":"https:\/\/biposgrado.com\/?page_id=425"},"modified":"2024-09-27T13:38:50","modified_gmt":"2024-09-27T16:38:50","slug":"pacote-medium","status":"publish","type":"page","link":"https:\/\/biposgrado.com\/index.php\/pacote-medium\/","title":{"rendered":"Pacote B\u00e1sico de Assessoria"},"content":{"rendered":"\t\t<div data-elementor-type=\"wp-page\" data-elementor-id=\"425\" class=\"elementor elementor-425\" data-elementor-post-type=\"page\">\n\t\t\t\t\t\t\t<div class=\"elementor-element elementor-element-984d119 e-flex e-con-boxed e-con\" data-id=\"984d119\" data-element_type=\"container\" data-settings=\"{&quot;content_width&quot;:&quot;boxed&quot;}\">\n\t\t\t\t\t<div class=\"e-con-inner\">\n\t\t\t\t<div class=\"elementor-element elementor-element-dcf00ef elementor-widget elementor-widget-image\" data-id=\"dcf00ef\" data-element_type=\"widget\" data-widget_type=\"image.default\">\n\t\t\t\t<div class=\"elementor-widget-container\">\n\t\t\t<style>\/*! elementor - v3.15.0 - 20-08-2023 *\/\n.elementor-widget-image{text-align:center}.elementor-widget-image a{display:inline-block}.elementor-widget-image a img[src$=\".svg\"]{width:48px}.elementor-widget-image img{vertical-align:middle;display:inline-block}<\/style>\t\t\t\t\t\t\t\t\t\t\t\t<img decoding=\"async\" src=\"https:\/\/biposgrado.com\/wp-content\/uploads\/2023\/09\/pacote-m-scaled.jpg\" title=\"pacote-m\" alt=\"pacote-m\" loading=\"lazy\" \/>\t\t\t\t\t\t\t\t\t\t\t\t\t\t\t<\/div>\n\t\t\t\t<\/div>\n\t\t\t\t\t<\/div>\n\t\t\t\t<\/div>\n\t\t<div class=\"elementor-element elementor-element-3cc327b e-flex e-con-boxed e-con\" data-id=\"3cc327b\" data-element_type=\"container\" data-settings=\"{&quot;content_width&quot;:&quot;boxed&quot;}\">\n\t\t\t\t\t<div class=\"e-con-inner\">\n\t\t<div class=\"elementor-element elementor-element-149c7f9 e-con-full e-flex e-con\" data-id=\"149c7f9\" data-element_type=\"container\" data-settings=\"{&quot;content_width&quot;:&quot;full&quot;}\">\n\t\t\t\t<\/div>\n\t\t<div class=\"elementor-element elementor-element-e0fa9f9 e-con-full e-flex e-con\" data-id=\"e0fa9f9\" data-element_type=\"container\" data-settings=\"{&quot;content_width&quot;:&quot;full&quot;}\">\n\t\t\t\t<div class=\"elementor-element elementor-element-d3a20cc elementor-widget elementor-widget-image\" data-id=\"d3a20cc\" data-element_type=\"widget\" data-widget_type=\"image.default\">\n\t\t\t\t<div class=\"elementor-widget-container\">\n\t\t\t\t\t\t\t\t\t\t\t\t\t\t\t<img decoding=\"async\" loading=\"lazy\" width=\"1024\" height=\"576\" src=\"https:\/\/biposgrado.com\/wp-content\/uploads\/2024\/09\/Sem-Titulo-1-1024x576.png\" class=\"attachment-large size-large wp-image-867\" alt=\"\" srcset=\"https:\/\/biposgrado.com\/wp-content\/uploads\/2024\/09\/Sem-Titulo-1-1024x576.png 1024w, https:\/\/biposgrado.com\/wp-content\/uploads\/2024\/09\/Sem-Titulo-1-300x169.png 300w, https:\/\/biposgrado.com\/wp-content\/uploads\/2024\/09\/Sem-Titulo-1-768x432.png 768w, https:\/\/biposgrado.com\/wp-content\/uploads\/2024\/09\/Sem-Titulo-1-1536x864.png 1536w, https:\/\/biposgrado.com\/wp-content\/uploads\/2024\/09\/Sem-Titulo-1-150x85.png 150w, https:\/\/biposgrado.com\/wp-content\/uploads\/2024\/09\/Sem-Titulo-1-600x338.png 600w, https:\/\/biposgrado.com\/wp-content\/uploads\/2024\/09\/Sem-Titulo-1.png 1920w\" sizes=\"(max-width: 1024px) 100vw, 1024px\" \/>\t\t\t\t\t\t\t\t\t\t\t\t\t\t\t<\/div>\n\t\t\t\t<\/div>\n\t\t\t\t<\/div>\n\t\t<div class=\"elementor-element elementor-element-f942461 e-con-full e-flex e-con\" data-id=\"f942461\" data-element_type=\"container\" data-settings=\"{&quot;content_width&quot;:&quot;full&quot;}\">\n\t\t\t\t<\/div>\n\t\t\t\t\t<\/div>\n\t\t\t\t<\/div>\n\t\t<div class=\"elementor-element elementor-element-ae30e2a e-flex e-con-boxed e-con\" data-id=\"ae30e2a\" data-element_type=\"container\" data-settings=\"{&quot;content_width&quot;:&quot;boxed&quot;}\">\n\t\t\t\t\t<div class=\"e-con-inner\">\n\t\t\t\t<div class=\"elementor-element elementor-element-0b47361 elementor-widget elementor-widget-heading\" data-id=\"0b47361\" data-element_type=\"widget\" data-widget_type=\"heading.default\">\n\t\t\t\t<div class=\"elementor-widget-container\">\n\t\t\t<style>\/*! elementor - v3.15.0 - 20-08-2023 *\/\n.elementor-heading-title{padding:0;margin:0;line-height:1}.elementor-widget-heading .elementor-heading-title[class*=elementor-size-]>a{color:inherit;font-size:inherit;line-height:inherit}.elementor-widget-heading .elementor-heading-title.elementor-size-small{font-size:15px}.elementor-widget-heading .elementor-heading-title.elementor-size-medium{font-size:19px}.elementor-widget-heading .elementor-heading-title.elementor-size-large{font-size:29px}.elementor-widget-heading .elementor-heading-title.elementor-size-xl{font-size:39px}.elementor-widget-heading .elementor-heading-title.elementor-size-xxl{font-size:59px}<\/style><h2 class=\"elementor-heading-title elementor-size-default\"><h3 style=\"margin-top: 30px; font-weight: 700; line-height: 1.2; font-size: 24px; font-family: Raleway, sans-serif; position: relative; padding-bottom: 10px; color: rgb(68, 68, 68); letter-spacing: normal; text-align: left; white-space-collapse: collapse;\">PACOTE B\u00c1SICO DE ASSESSORIA<\/h3><\/h2>\t\t<\/div>\n\t\t\t\t<\/div>\n\t\t\t\t<div class=\"elementor-element elementor-element-cd2f5db elementor-widget elementor-widget-text-editor\" data-id=\"cd2f5db\" data-element_type=\"widget\" data-widget_type=\"text-editor.default\">\n\t\t\t\t<div class=\"elementor-widget-container\">\n\t\t\t<style>\/*! elementor - v3.15.0 - 20-08-2023 *\/\n.elementor-widget-text-editor.elementor-drop-cap-view-stacked .elementor-drop-cap{background-color:#69727d;color:#fff}.elementor-widget-text-editor.elementor-drop-cap-view-framed .elementor-drop-cap{color:#69727d;border:3px solid;background-color:transparent}.elementor-widget-text-editor:not(.elementor-drop-cap-view-default) .elementor-drop-cap{margin-top:8px}.elementor-widget-text-editor:not(.elementor-drop-cap-view-default) .elementor-drop-cap-letter{width:1em;height:1em}.elementor-widget-text-editor .elementor-drop-cap{float:left;text-align:center;line-height:1;font-size:50px}.elementor-widget-text-editor .elementor-drop-cap-letter{display:inline-block}<\/style>\t\t\t\t<ul style=\"margin-bottom: 1rem; font-family: 'Open Sans', sans-serif; font-size: 16px; list-style-type: none;\"><li><ul style=\"margin-bottom: 1rem; list-style-type: none;\"><li><p style=\"margin-bottom: 1rem;\"><span style=\"vertical-align: inherit;\"><span style=\"vertical-align: inherit;\">\u00a0Inscri\u00e7\u00e3o e junta de todos os documentos necess\u00e1rios para o programa de mestrado\/ou doutorado escolhido pelo candidato;<\/span><\/span><\/p><\/li><li><p style=\"margin-bottom: 1rem;\"><span style=\"vertical-align: inherit;\"><span style=\"vertical-align: inherit;\">\u00a0Envio da documenta\u00e7\u00e3o, coleta e repasse dos valores de inscri\u00e7\u00e3o e matr\u00edcula para a Universidade escolhida;<\/span><\/span><\/p><\/li><li><p style=\"margin-bottom: 1rem;\"><span style=\"vertical-align: inherit;\"><span style=\"vertical-align: inherit;\">\u00a0Acompanhamento dos estudantes at\u00e9 o pa\u00eds onde ser\u00e1 feita a quita\u00e7\u00e3o das disciplinas presenciais (se for aplic\u00e1vel);<\/span><\/span><\/p><\/li><li><p style=\"margin-bottom: 1rem;\"><span style=\"vertical-align: inherit;\"><span style=\"vertical-align: inherit;\">\u00a0Indica\u00e7\u00f5es de moradia, alimenta\u00e7\u00e3o, transporte e demais servi\u00e7os que se fa\u00e7am necess\u00e1rios durante o per\u00edodo de perman\u00eancia no pa\u00eds;<\/span><\/span><\/p><\/li><li><p style=\"margin-bottom: 1rem;\"><span style=\"vertical-align: inherit;\"><span style=\"vertical-align: inherit;\">\u00a0Acompanhamento dos tr\u00e2mites da\u00a0 <\/span><\/span><span style=\"font-weight: bolder;\"><span style=\"vertical-align: inherit;\"><span style=\"vertical-align: inherit;\">revalida\u00e7\u00e3o dos diplomas\u00a0 <\/span><\/span><span title=\"As normas de revalida\u00e7\u00e3o podem ser consultadas na plataforma Carolina Bore\" data-toggle=\"tooltip\" data-placement=\"top\"><span style=\"vertical-align: inherit;\"><span style=\"vertical-align: inherit;\">*<\/span><\/span><\/span><\/span><span style=\"vertical-align: inherit;\"><span style=\"vertical-align: inherit;\"> \u00a0junto \u00e0s institui\u00e7\u00f5es de ensino superior do Brasil.<\/span><\/span><\/p><p style=\"margin-bottom: 1rem;\"><span style=\"vertical-align: inherit;\"><span style=\"vertical-align: inherit;\">*As normas de revalida\u00e7\u00e3o podem ser consultadas na plataforma Carolina Bori<\/span><\/span><\/p><\/li><li><p style=\"margin-bottom: 1rem;\">\u00a0<span style=\"font-weight: bolder;\"><span style=\"vertical-align: inherit;\"><span style=\"vertical-align: inherit;\">Realiza\u00e7\u00e3o de servi\u00e7os burocr\u00e1ticos junto aos cart\u00f3rios, embaixadas e demais \u00f3rg\u00e3os oficiais representativos do Brasil e do pa\u00eds onde ser\u00e1 realizado o programa de p\u00f3s-gradua\u00e7\u00e3o;<\/span><\/span><\/span><\/p><\/li><li><p style=\"margin-bottom: 1rem;\">\u00a0<span style=\"font-weight: bolder;\"><span style=\"vertical-align: inherit;\"><span style=\"vertical-align: inherit;\">Compra de passagens, confec\u00e7\u00e3o de passaportes e demais documentos exigidos para entrada e perman\u00eancia do candidato no pa\u00eds onde ser\u00e1 realizado o programa de p\u00f3s-gradua\u00e7\u00e3o, mediante procura\u00e7\u00e3o legalmente constitu\u00edda pelo contratante;<\/span><\/span><\/span><\/p><\/li><\/ul><\/li><li>\u00a0<\/li><\/ul>\t\t\t\t\t\t<\/div>\n\t\t\t\t<\/div>\n\t\t\t\t\t<\/div>\n\t\t\t\t<\/div>\n\t\t\t\t\t\t\t<\/div>\n\t\t","protected":false},"excerpt":{"rendered":"<p>PACOTE B\u00c1SICO DE ASSESSORIA \u00a0Inscri\u00e7\u00e3o e junta de todos os documentos necess\u00e1rios para o programa de mestrado\/ou doutorado escolhido pelo candidato; \u00a0Envio da documenta\u00e7\u00e3o, coleta e repasse dos valores de inscri\u00e7\u00e3o e matr\u00edcula para a Universidade escolhida; \u00a0Acompanhamento dos estudantes at\u00e9 o pa\u00eds onde ser\u00e1 feita a quita\u00e7\u00e3o das disciplinas presenciais (se for aplic\u00e1vel); \u00a0Indica\u00e7\u00f5es [&hellip;]<\/p>\n","protected":false},"author":1,"featured_media":0,"parent":0,"menu_order":0,"comment_status":"closed","ping_status":"closed","template":"elementor_header_footer","meta":{"footnotes":"","_joinchat":[]},"_links":{"self":[{"href":"https:\/\/biposgrado.com\/index.php\/wp-json\/wp\/v2\/pages\/425"}],"collection":[{"href":"https:\/\/biposgrado.com\/index.php\/wp-json\/wp\/v2\/pages"}],"about":[{"href":"https:\/\/biposgrado.com\/index.php\/wp-json\/wp\/v2\/types\/page"}],"author":[{"embeddable":true,"href":"https:\/\/biposgrado.com\/index.php\/wp-json\/wp\/v2\/users\/1"}],"replies":[{"embeddable":true,"href":"https:\/\/biposgrado.com\/index.php\/wp-json\/wp\/v2\/comments?post=425"}],"version-history":[{"count":14,"href":"https:\/\/biposgrado.com\/index.php\/wp-json\/wp\/v2\/pages\/425\/revisions"}],"predecessor-version":[{"id":870,"href":"https:\/\/biposgrado.com\/index.php\/wp-json\/wp\/v2\/pages\/425\/revisions\/870"}],"wp:attachment":[{"href":"https:\/\/biposgrado.com\/index.php\/wp-json\/wp\/v2\/media?parent=425"}],"curies":[{"name":"wp","href":"https:\/\/api.w.org\/{rel}","templated":true}]}}