{"id":604,"date":"2023-09-14T19:13:17","date_gmt":"2023-09-14T22:13:17","guid":{"rendered":"https:\/\/biposgrado.com\/?page_id=604"},"modified":"2023-09-14T19:23:49","modified_gmt":"2023-09-14T22:23:49","slug":"universidade-de-la-empresa","status":"publish","type":"page","link":"https:\/\/biposgrado.com\/index.php\/universidade-de-la-empresa\/","title":{"rendered":"Universidade de la empresa"},"content":{"rendered":"\t\t<div data-elementor-type=\"wp-page\" data-elementor-id=\"604\" class=\"elementor elementor-604\" data-elementor-post-type=\"page\">\n\t\t\t\t\t\t\t<div class=\"elementor-element elementor-element-b4b96ce e-flex e-con-boxed e-con\" data-id=\"b4b96ce\" data-element_type=\"container\" data-settings=\"{&quot;content_width&quot;:&quot;boxed&quot;}\">\n\t\t\t\t\t<div class=\"e-con-inner\">\n\t\t\t\t<div class=\"elementor-element elementor-element-e31bbd4 elementor-widget elementor-widget-text-editor\" data-id=\"e31bbd4\" data-element_type=\"widget\" data-widget_type=\"text-editor.default\">\n\t\t\t\t<div class=\"elementor-widget-container\">\n\t\t\t<style>\/*! elementor - v3.15.0 - 20-08-2023 *\/\n.elementor-widget-text-editor.elementor-drop-cap-view-stacked .elementor-drop-cap{background-color:#69727d;color:#fff}.elementor-widget-text-editor.elementor-drop-cap-view-framed .elementor-drop-cap{color:#69727d;border:3px solid;background-color:transparent}.elementor-widget-text-editor:not(.elementor-drop-cap-view-default) .elementor-drop-cap{margin-top:8px}.elementor-widget-text-editor:not(.elementor-drop-cap-view-default) .elementor-drop-cap-letter{width:1em;height:1em}.elementor-widget-text-editor .elementor-drop-cap{float:left;text-align:center;line-height:1;font-size:50px}.elementor-widget-text-editor .elementor-drop-cap-letter{display:inline-block}<\/style>\t\t\t\t<h2 style=\"margin-top: 0px; margin-bottom: 5px; line-height: 1px; font-size: 14px; font-family: Poppins, sans-serif; padding: 0px; letter-spacing: 2px; text-transform: uppercase; color: #aaaaaa; text-align: left;\">UNIVERSIDADE DE LA EMPRESA<\/h2>\t\t\t\t\t\t<\/div>\n\t\t\t\t<\/div>\n\t\t\t\t<div class=\"elementor-element elementor-element-0f38f4d elementor-widget elementor-widget-text-editor\" data-id=\"0f38f4d\" data-element_type=\"widget\" data-widget_type=\"text-editor.default\">\n\t\t\t\t<div class=\"elementor-widget-container\">\n\t\t\t\t\t\t\t<h5 style=\"margin-top: 0px; margin-bottom: 0.5rem; line-height: 1.2; font-size: 1.25rem; font-family: Raleway, sans-serif; color: rgb(68, 68, 68); letter-spacing: normal; text-align: left;\">A Universidad de la Empresa (UDE) foi reconhecida pelo Governo da Rep\u00fablica pelo Decreto n\u00ba 308\/995 de 11\/08\/95 e \u00e9 a universidade que mais cresce entre as quatro universidades privadas.<\/h5><div><br><\/div>\n<p style=\"margin-bottom: 0px; font-size: 36px; font-weight: 700; text-transform: uppercase; font-family: Poppins, sans-serif; color: rgb(55, 66, 59);\">\n<\/p><p style=\"margin-bottom: 0px; font-size: 36px; font-weight: 700; text-transform: uppercase; font-family: Poppins, sans-serif; color: rgb(55, 66, 59);\">\n<\/p><h5 style=\"margin-top: 0px; margin-bottom: 0.5rem; line-height: 1.2; font-size: 1.25rem; font-family: Raleway, sans-serif; color: rgb(68, 68, 68); letter-spacing: normal; text-align: left;\">A Universidade conta com o apoio das mais importantes C\u00e2maras Empresariais e Associa\u00e7\u00f5es Profissionais do pa\u00eds.<\/h5>\n<p style=\"margin-bottom: 0px; font-size: 36px; font-weight: 700; text-transform: uppercase; font-family: Poppins, sans-serif; color: rgb(55, 66, 59);\">\n<\/p><p style=\"margin-bottom: 0px; font-size: 36px; font-weight: 700; text-transform: uppercase; font-family: Poppins, sans-serif; color: rgb(55, 66, 59);\">\n<\/p><h5 style=\"margin-top: 0px; margin-bottom: 0.5rem; line-height: 1.2; font-size: 1.25rem; font-family: Raleway, sans-serif; color: rgb(68, 68, 68); letter-spacing: normal; text-align: left;\">Desde o seu reconhecimento em 1998, a Universidad de la Empresa teve um crescimento permanente e sustentado de seu n\u00famero de matr\u00edculas, que chega a 5.000 alunos.<\/h5><div><br><\/div>\n<p style=\"margin-bottom: 0px; font-size: 36px; font-weight: 700; text-transform: uppercase; font-family: Poppins, sans-serif; color: rgb(55, 66, 59);\">\n<\/p><p style=\"margin-bottom: 0px; font-size: 36px; font-weight: 700; text-transform: uppercase; font-family: Poppins, sans-serif; color: rgb(55, 66, 59);\">\n<\/p><h5 style=\"margin-top: 0px; margin-bottom: 0.5rem; line-height: 1.2; font-size: 1.25rem; font-family: Raleway, sans-serif; color: rgb(68, 68, 68); letter-spacing: normal; text-align: left;\">Atualmente, a UDE tem sete Faculdades: Ci\u00eancias Agr\u00e1rias, Ci\u00eancias Empresariais, Ci\u00eancias da Educa\u00e7\u00e3o, Ci\u00eancias Jur\u00eddicas, Ci\u00eancias da Sa\u00fade, Design e Comunica\u00e7\u00e3o, Engenharia e uma Escola de Desenvolvimento Empresarial que funciona nos nossos cinco campi. Al\u00e9m disso, temos dois outros campi atrav\u00e9s de alian\u00e7as estrat\u00e9gicas: a Associa\u00e7\u00e3o Espanhola ASESP, para os cursos pr\u00e1ticos dos Graus da Faculdade de Ci\u00eancias da Sa\u00fade, e a Scuola Italiana, para os cursos pr\u00e1ticos da Licenciatura em Educa\u00e7\u00e3o F\u00edsica, Desporto e Recrea\u00e7\u00e3o.<\/h5><div><br><\/div>\n<p style=\"margin-bottom: 0px; font-size: 36px; font-weight: 700; text-transform: uppercase; font-family: Poppins, sans-serif; color: rgb(55, 66, 59);\">\n<\/p><p style=\"margin-bottom: 0px; font-size: 36px; font-weight: 700; text-transform: uppercase; font-family: Poppins, sans-serif; color: rgb(55, 66, 59);\">\n<\/p><h5 style=\"margin-top: 0px; margin-bottom: 0.5rem; line-height: 1.2; font-size: 1.25rem; font-family: Raleway, sans-serif; color: rgb(68, 68, 68); letter-spacing: normal; text-align: left;\">A miss\u00e3o da UDE \u00e9 formar profissionais no mais alto n\u00edvel, induzindo uma atitude proativa marcante entre os alunos, bem como uma inclina\u00e7\u00e3o para pesquisa e extens\u00e3o educacional. Isso, com o objetivo de contribuir para o desenvolvimento equitativo e sustent\u00e1vel da sociedade, dentro de um marco \u00e9tico baseado em valores universais. Os cursos possuem metodologias e conte\u00fados permanentemente atualizados, com a contribui\u00e7\u00e3o do conhecimento e da experi\u00eancia de profissionais e empreendedores de not\u00f3ria atua\u00e7\u00e3o no ambiente produtivo, da mesma forma que a participa\u00e7\u00e3o de reconhecidos professores nacionais e estrangeiros, que contribuem para a melhor forma\u00e7\u00e3o dos nossos alunos.<\/h5><div><br><\/div>\n<p style=\"margin-bottom: 0px; font-size: 36px; font-weight: 700; text-transform: uppercase; font-family: Poppins, sans-serif; color: rgb(55, 66, 59);\">\n<\/p><p style=\"margin-bottom: 0px; font-size: 36px; font-weight: 700; text-transform: uppercase; font-family: Poppins, sans-serif; color: rgb(55, 66, 59);\">\n<\/p><h5 style=\"margin-top: 0px; margin-bottom: 0.5rem; line-height: 1.2; font-size: 1.25rem; font-family: Raleway, sans-serif; color: rgb(68, 68, 68); letter-spacing: normal; text-align: left;\">Fonte:&nbsp;<a href=\"https:\/\/ude.edu.uy\/conoce-ude\/\" style=\"color: rgb(210, 199, 38);\">https:\/\/ude.edu.uy\/conoce-ude\/<\/a><\/h5>\t\t\t\t\t\t<\/div>\n\t\t\t\t<\/div>\n\t\t\t\t<div class=\"elementor-element elementor-element-abb20c4 elementor-widget elementor-widget-heading\" data-id=\"abb20c4\" data-element_type=\"widget\" data-widget_type=\"heading.default\">\n\t\t\t\t<div class=\"elementor-widget-container\">\n\t\t\t<style>\/*! elementor - v3.15.0 - 20-08-2023 *\/\n.elementor-heading-title{padding:0;margin:0;line-height:1}.elementor-widget-heading .elementor-heading-title[class*=elementor-size-]>a{color:inherit;font-size:inherit;line-height:inherit}.elementor-widget-heading .elementor-heading-title.elementor-size-small{font-size:15px}.elementor-widget-heading .elementor-heading-title.elementor-size-medium{font-size:19px}.elementor-widget-heading .elementor-heading-title.elementor-size-large{font-size:29px}.elementor-widget-heading .elementor-heading-title.elementor-size-xl{font-size:39px}.elementor-widget-heading .elementor-heading-title.elementor-size-xxl{font-size:59px}<\/style><h2 class=\"elementor-heading-title elementor-size-default\"><span style=\"color: rgb(55, 66, 59); font-family: Poppins, sans-serif; font-size: 36px; text-transform: uppercase; white-space-collapse: collapse;\">CURSOS<\/span><\/h2>\t\t<\/div>\n\t\t\t\t<\/div>\n\t\t\t\t<div class=\"elementor-element elementor-element-f39d081 elementor-icon-list--layout-traditional elementor-list-item-link-full_width elementor-widget elementor-widget-icon-list\" data-id=\"f39d081\" data-element_type=\"widget\" data-widget_type=\"icon-list.default\">\n\t\t\t\t<div class=\"elementor-widget-container\">\n\t\t\t<link rel=\"stylesheet\" href=\"https:\/\/biposgrado.com\/wp-content\/plugins\/elementor\/assets\/css\/widget-icon-list.min.css\">\t\t<ul class=\"elementor-icon-list-items\">\n\t\t\t\t\t\t\t<li class=\"elementor-icon-list-item\">\n\t\t\t\t\t\t\t\t\t\t\t<span class=\"elementor-icon-list-icon\">\n\t\t\t\t\t\t\t<i aria-hidden=\"true\" class=\"fas fa-angle-right\"><\/i>\t\t\t\t\t\t<\/span>\n\t\t\t\t\t\t\t\t\t\t<span class=\"elementor-icon-list-text\">MESTRADO EM DIRE\u00c7\u00c3O E ADMINISTRA\u00c7\u00c3O DE EMPRESAS<\/span>\n\t\t\t\t\t\t\t\t\t<\/li>\n\t\t\t\t\t\t\t\t<li class=\"elementor-icon-list-item\">\n\t\t\t\t\t\t\t\t\t\t\t<span class=\"elementor-icon-list-icon\">\n\t\t\t\t\t\t\t<i aria-hidden=\"true\" class=\"fas fa-angle-right\"><\/i>\t\t\t\t\t\t<\/span>\n\t\t\t\t\t\t\t\t\t\t<span class=\"elementor-icon-list-text\">MESTRADO EM EDUCA\u00c7\u00c3O<\/span>\n\t\t\t\t\t\t\t\t\t<\/li>\n\t\t\t\t\t\t\t\t<li class=\"elementor-icon-list-item\">\n\t\t\t\t\t\t\t\t\t\t\t<span class=\"elementor-icon-list-icon\">\n\t\t\t\t\t\t\t<i aria-hidden=\"true\" class=\"fas fa-angle-right\"><\/i>\t\t\t\t\t\t<\/span>\n\t\t\t\t\t\t\t\t\t\t<span class=\"elementor-icon-list-text\">MESTRADO EM DIREITO DAS RELA\u00c7\u00d5ES INTERNACIONAIS E DA INTEGRA\u00c7\u00c3O NA AM\u00c9RICA LATINA<\/span>\n\t\t\t\t\t\t\t\t\t<\/li>\n\t\t\t\t\t\t\t\t<li class=\"elementor-icon-list-item\">\n\t\t\t\t\t\t\t\t\t\t\t<span class=\"elementor-icon-list-icon\">\n\t\t\t\t\t\t\t<i aria-hidden=\"true\" class=\"fas fa-angle-right\"><\/i>\t\t\t\t\t\t<\/span>\n\t\t\t\t\t\t\t\t\t\t<span class=\"elementor-icon-list-text\">MESTRADO EM CI\u00caNCIAS CRIMINOL\u00d3GICO-FORENSES<\/span>\n\t\t\t\t\t\t\t\t\t<\/li>\n\t\t\t\t\t\t\t\t<li class=\"elementor-icon-list-item\">\n\t\t\t\t\t\t\t\t\t\t\t<span class=\"elementor-icon-list-icon\">\n\t\t\t\t\t\t\t<i aria-hidden=\"true\" class=\"fas fa-angle-right\"><\/i>\t\t\t\t\t\t<\/span>\n\t\t\t\t\t\t\t\t\t\t<span class=\"elementor-icon-list-text\">MESTRADO EM SA\u00daDE P\u00daBLICA<\/span>\n\t\t\t\t\t\t\t\t\t<\/li>\n\t\t\t\t\t\t<\/ul>\n\t\t\t\t<\/div>\n\t\t\t\t<\/div>\n\t\t\t\t\t<\/div>\n\t\t\t\t<\/div>\n\t\t\t\t\t\t\t<\/div>\n\t\t","protected":false},"excerpt":{"rendered":"<p>UNIVERSIDADE DE LA EMPRESA A Universidad de la Empresa (UDE) foi reconhecida pelo Governo da Rep\u00fablica pelo Decreto n\u00ba 308\/995 de 11\/08\/95 e \u00e9 a universidade que mais cresce entre as quatro universidades privadas. A Universidade conta com o apoio das mais importantes C\u00e2maras Empresariais e Associa\u00e7\u00f5es Profissionais do pa\u00eds. Desde o seu reconhecimento em [&hellip;]<\/p>\n","protected":false},"author":1,"featured_media":0,"parent":0,"menu_order":0,"comment_status":"closed","ping_status":"closed","template":"elementor_header_footer","meta":{"footnotes":"","_joinchat":[]},"_links":{"self":[{"href":"https:\/\/biposgrado.com\/index.php\/wp-json\/wp\/v2\/pages\/604"}],"collection":[{"href":"https:\/\/biposgrado.com\/index.php\/wp-json\/wp\/v2\/pages"}],"about":[{"href":"https:\/\/biposgrado.com\/index.php\/wp-json\/wp\/v2\/types\/page"}],"author":[{"embeddable":true,"href":"https:\/\/biposgrado.com\/index.php\/wp-json\/wp\/v2\/users\/1"}],"replies":[{"embeddable":true,"href":"https:\/\/biposgrado.com\/index.php\/wp-json\/wp\/v2\/comments?post=604"}],"version-history":[{"count":22,"href":"https:\/\/biposgrado.com\/index.php\/wp-json\/wp\/v2\/pages\/604\/revisions"}],"predecessor-version":[{"id":630,"href":"https:\/\/biposgrado.com\/index.php\/wp-json\/wp\/v2\/pages\/604\/revisions\/630"}],"wp:attachment":[{"href":"https:\/\/biposgrado.com\/index.php\/wp-json\/wp\/v2\/media?parent=604"}],"curies":[{"name":"wp","href":"https:\/\/api.w.org\/{rel}","templated":true}]}}