{"id":631,"date":"2023-09-14T19:25:07","date_gmt":"2023-09-14T22:25:07","guid":{"rendered":"https:\/\/biposgrado.com\/?page_id=631"},"modified":"2023-09-17T19:51:26","modified_gmt":"2023-09-17T22:51:26","slug":"universidad-do-paraguai","status":"publish","type":"page","link":"https:\/\/biposgrado.com\/index.php\/universidad-do-paraguai\/","title":{"rendered":"Universidad do paraguai"},"content":{"rendered":"\t\t<div data-elementor-type=\"wp-page\" data-elementor-id=\"631\" class=\"elementor elementor-631\" data-elementor-post-type=\"page\">\n\t\t\t\t\t\t\t<div class=\"elementor-element elementor-element-b4b96ce e-flex e-con-boxed e-con\" data-id=\"b4b96ce\" data-element_type=\"container\" data-settings=\"{&quot;content_width&quot;:&quot;boxed&quot;}\">\n\t\t\t\t\t<div class=\"e-con-inner\">\n\t\t\t\t<div class=\"elementor-element elementor-element-e31bbd4 elementor-widget elementor-widget-text-editor\" data-id=\"e31bbd4\" data-element_type=\"widget\" data-widget_type=\"text-editor.default\">\n\t\t\t\t<div class=\"elementor-widget-container\">\n\t\t\t<style>\/*! elementor - v3.15.0 - 20-08-2023 *\/\n.elementor-widget-text-editor.elementor-drop-cap-view-stacked .elementor-drop-cap{background-color:#69727d;color:#fff}.elementor-widget-text-editor.elementor-drop-cap-view-framed .elementor-drop-cap{color:#69727d;border:3px solid;background-color:transparent}.elementor-widget-text-editor:not(.elementor-drop-cap-view-default) .elementor-drop-cap{margin-top:8px}.elementor-widget-text-editor:not(.elementor-drop-cap-view-default) .elementor-drop-cap-letter{width:1em;height:1em}.elementor-widget-text-editor .elementor-drop-cap{float:left;text-align:center;line-height:1;font-size:50px}.elementor-widget-text-editor .elementor-drop-cap-letter{display:inline-block}<\/style>\t\t\t\t<h2 style=\"margin-top: 0px; margin-bottom: 5px; line-height: 1px; font-size: 14px; font-family: Poppins, sans-serif; padding: 0px; letter-spacing: 2px; text-transform: uppercase; color: #aaaaaa; text-align: left;\">UNIVERSIDAD americana DE paraguaY<\/h2>\t\t\t\t\t\t<\/div>\n\t\t\t\t<\/div>\n\t\t\t\t<div class=\"elementor-element elementor-element-0f38f4d elementor-widget elementor-widget-text-editor\" data-id=\"0f38f4d\" data-element_type=\"widget\" data-widget_type=\"text-editor.default\">\n\t\t\t\t<div class=\"elementor-widget-container\">\n\t\t\t\t\t\t\t<h5 style=\"margin-top: 0px; margin-bottom: 0.5rem; line-height: 1.2; font-size: 1.25rem; font-family: Raleway, sans-serif; color: #444444; letter-spacing: normal; text-align: left;\">A Universidade Americana (em castelhano: Universidad Americana) \u00e9 uma universidade em Assun\u00e7\u00e3o, capital do Paraguai. Teve a sua origem no Instituto de Capacita\u00e7\u00e3o e Desenvolvimento Empresarial INCADE, associa\u00e7\u00e3o civil sem fins lucrativos, cuja proposta foi promover a funda\u00e7\u00e3o de uma universidade que se constitu\u00edsse num lugar de forma\u00e7\u00e3o ensino e cultivo superior das artes, as letras, as ci\u00eancias tecnol\u00f3gicas, a investiga\u00e7\u00e3o cient\u00edfica e a capacita\u00e7\u00e3o integral do ser humano no Paraguai.<\/h5>\n<p style=\"margin-bottom: 0px; font-size: 36px; font-weight: bold; text-transform: uppercase; font-family: Poppins, sans-serif; color: #37423b;\">\n<\/p><div>&nbsp;<\/div>\n<p style=\"margin-bottom: 0px; font-size: 36px; font-weight: bold; text-transform: uppercase; font-family: Poppins, sans-serif; color: #37423b;\">\n<\/p><h5 style=\"margin-top: 0px; margin-bottom: 0.5rem; line-height: 1.2; font-size: 1.25rem; font-family: Raleway, sans-serif; color: #444444; letter-spacing: normal; text-align: left;\">O mentor desta iniciativa foi o Dr. Andr\u00e9s Benk\u00f6 Kapuv\u00e1ry, que a partir de um semin\u00e1rio com a participa\u00e7\u00e3o de mais de 300 pessoas vislumbrou a possibilidade de fundar uma institui\u00e7\u00e3o de ensino superior que se destacasse, principalmente, por oferecer ao p\u00fablico uma variedade de cursos de gradua\u00e7\u00e3o e p\u00f3s-gradua\u00e7\u00e3o, contando com a colabora\u00e7\u00e3o de destacados docentes estrangeiros.<\/h5>\n<p style=\"margin-bottom: 0px; font-size: 36px; font-weight: bold; text-transform: uppercase; font-family: Poppins, sans-serif; color: #37423b;\">\n<\/p><div>&nbsp;<\/div>\n<p style=\"margin-bottom: 0px; font-size: 36px; font-weight: bold; text-transform: uppercase; font-family: Poppins, sans-serif; color: #37423b;\">\n<\/p><h5 style=\"margin-top: 0px; margin-bottom: 0.5rem; line-height: 1.2; font-size: 1.25rem; font-family: Raleway, sans-serif; color: #444444; letter-spacing: normal; text-align: left;\">Tudo isso com o firme prop\u00f3sito de contribuir com a forma\u00e7\u00e3o de profissionais competentes para o pa\u00eds.<\/h5>\n<p style=\"margin-bottom: 0px; font-size: 36px; font-weight: bold; text-transform: uppercase; font-family: Poppins, sans-serif; color: #37423b;\">\n<\/p><p style=\"margin-bottom: 0px; font-size: 36px; font-weight: bold; text-transform: uppercase; font-family: Poppins, sans-serif; color: #37423b;\">\n<\/p><h5 style=\"margin-top: 0px; margin-bottom: 0.5rem; line-height: 1.2; font-size: 1.25rem; font-family: Raleway, sans-serif; color: #444444; letter-spacing: normal; text-align: left;\">O projeto iniciou como INCADE (Instituto Superior de Capacita\u00e7\u00e3o e Desenvolvimento Empresarial), constitu\u00eddo em 12 de outubro do ano de 1991.<\/h5>\n<p style=\"margin-bottom: 0px; font-size: 36px; font-weight: bold; text-transform: uppercase; font-family: Poppins, sans-serif; color: #37423b;\">\n<\/p><div>&nbsp;<\/div>\n<p style=\"margin-bottom: 0px; font-size: 36px; font-weight: bold; text-transform: uppercase; font-family: Poppins, sans-serif; color: #37423b;\">\n<\/p><h5 style=\"margin-top: 0px; margin-bottom: 0.5rem; line-height: 1.2; font-size: 1.25rem; font-family: Raleway, sans-serif; color: #444444; letter-spacing: normal; text-align: left;\">A ideia prosperou e, em grande parte, deu-se ao impulso, empenho, tempo e lideran\u00e7a exercida pela vis\u00e3o estrat\u00e9gica do fundador. Em 1994, pela Lei da Na\u00e7\u00e3o N\u00ba 403, foi criada a Universidad Americana.<\/h5>\n<p style=\"margin-bottom: 0px; font-size: 36px; font-weight: bold; text-transform: uppercase; font-family: Poppins, sans-serif; color: #37423b;\">\n<\/p><div>&nbsp;<\/div>\n<p style=\"margin-bottom: 0px; font-size: 36px; font-weight: bold; text-transform: uppercase; font-family: Poppins, sans-serif; color: #37423b;\">\n<\/p><h5 style=\"margin-top: 0px; margin-bottom: 0.5rem; line-height: 1.2; font-size: 1.25rem; font-family: Raleway, sans-serif; color: #444444; letter-spacing: normal; text-align: left;\">Esta obra educativa nasceu e cresceu sob o lema &#8220;Excel\u00eancia Acad\u00eamica&#8221;, com o objetivo de recordar sempre seu princ\u00edpio norteador e objetivo fundamental: a forma\u00e7\u00e3o de profissionais capazes e honestos para o desenvolvimento do pa\u00eds e da Am\u00e9rica Latina.<\/h5>\n<p style=\"margin-bottom: 0px; font-size: 36px; font-weight: bold; text-transform: uppercase; font-family: Poppins, sans-serif; color: #37423b;\">\n<\/p><div>&nbsp;<\/div>\n<p style=\"margin-bottom: 0px; font-size: 36px; font-weight: bold; text-transform: uppercase; font-family: Poppins, sans-serif; color: #37423b;\">\n<\/p><h5 style=\"margin-top: 0px; margin-bottom: 0.5rem; line-height: 1.2; font-size: 1.25rem; font-family: Raleway, sans-serif; color: #444444; letter-spacing: normal; text-align: left;\">Fonte:&nbsp;<a style=\"color: #d2c726;\" href=\"https:\/\/pt.wikipedia.org\/wiki\/Universidade_Americana\">https:\/\/pt.wikipedia.org\/wiki\/Universidade_Americana<\/a><\/h5>\t\t\t\t\t\t<\/div>\n\t\t\t\t<\/div>\n\t\t\t\t<div class=\"elementor-element elementor-element-abb20c4 elementor-widget elementor-widget-heading\" data-id=\"abb20c4\" data-element_type=\"widget\" data-widget_type=\"heading.default\">\n\t\t\t\t<div class=\"elementor-widget-container\">\n\t\t\t<style>\/*! elementor - v3.15.0 - 20-08-2023 *\/\n.elementor-heading-title{padding:0;margin:0;line-height:1}.elementor-widget-heading .elementor-heading-title[class*=elementor-size-]>a{color:inherit;font-size:inherit;line-height:inherit}.elementor-widget-heading .elementor-heading-title.elementor-size-small{font-size:15px}.elementor-widget-heading .elementor-heading-title.elementor-size-medium{font-size:19px}.elementor-widget-heading .elementor-heading-title.elementor-size-large{font-size:29px}.elementor-widget-heading .elementor-heading-title.elementor-size-xl{font-size:39px}.elementor-widget-heading .elementor-heading-title.elementor-size-xxl{font-size:59px}<\/style><h2 class=\"elementor-heading-title elementor-size-default\"><span style=\"color: rgb(55, 66, 59); font-family: Poppins, sans-serif; font-size: 36px; text-transform: uppercase; white-space-collapse: collapse;\">CURSOS<\/span><\/h2>\t\t<\/div>\n\t\t\t\t<\/div>\n\t\t\t\t<div class=\"elementor-element elementor-element-f39d081 elementor-icon-list--layout-traditional elementor-list-item-link-full_width elementor-widget elementor-widget-icon-list\" data-id=\"f39d081\" data-element_type=\"widget\" data-widget_type=\"icon-list.default\">\n\t\t\t\t<div class=\"elementor-widget-container\">\n\t\t\t<link rel=\"stylesheet\" href=\"https:\/\/biposgrado.com\/wp-content\/plugins\/elementor\/assets\/css\/widget-icon-list.min.css\">\t\t<ul class=\"elementor-icon-list-items\">\n\t\t\t\t\t\t\t<li class=\"elementor-icon-list-item\">\n\t\t\t\t\t\t\t\t\t\t\t<span class=\"elementor-icon-list-icon\">\n\t\t\t\t\t\t\t<i aria-hidden=\"true\" class=\"fas fa-angle-right\"><\/i>\t\t\t\t\t\t<\/span>\n\t\t\t\t\t\t\t\t\t\t<span class=\"elementor-icon-list-text\">Doutorado em Educa\u00e7\u00e3o<\/span>\n\t\t\t\t\t\t\t\t\t<\/li>\n\t\t\t\t\t\t\t\t<li class=\"elementor-icon-list-item\">\n\t\t\t\t\t\t\t\t\t\t\t<span class=\"elementor-icon-list-icon\">\n\t\t\t\t\t\t\t<i aria-hidden=\"true\" class=\"fas fa-angle-right\"><\/i>\t\t\t\t\t\t<\/span>\n\t\t\t\t\t\t\t\t\t\t<span class=\"elementor-icon-list-text\">Doutorado em Neuroci\u00eancia Cognitiva<\/span>\n\t\t\t\t\t\t\t\t\t<\/li>\n\t\t\t\t\t\t\t\t<li class=\"elementor-icon-list-item\">\n\t\t\t\t\t\t\t\t\t\t\t<span class=\"elementor-icon-list-icon\">\n\t\t\t\t\t\t\t<i aria-hidden=\"true\" class=\"fas fa-angle-right\"><\/i>\t\t\t\t\t\t<\/span>\n\t\t\t\t\t\t\t\t\t\t<span class=\"elementor-icon-list-text\">Doutorado em Ci\u00eancias Jur\u00eddicas e Not\u00f3rias<\/span>\n\t\t\t\t\t\t\t\t\t<\/li>\n\t\t\t\t\t\t\t\t<li class=\"elementor-icon-list-item\">\n\t\t\t\t\t\t\t\t\t\t\t<span class=\"elementor-icon-list-icon\">\n\t\t\t\t\t\t\t<i aria-hidden=\"true\" class=\"fas fa-angle-right\"><\/i>\t\t\t\t\t\t<\/span>\n\t\t\t\t\t\t\t\t\t\t<span class=\"elementor-icon-list-text\">Mestre em Ci\u00eancias da Educa\u00e7\u00e3o<\/span>\n\t\t\t\t\t\t\t\t\t<\/li>\n\t\t\t\t\t\t<\/ul>\n\t\t\t\t<\/div>\n\t\t\t\t<\/div>\n\t\t\t\t\t<\/div>\n\t\t\t\t<\/div>\n\t\t\t\t\t\t\t<\/div>\n\t\t","protected":false},"excerpt":{"rendered":"<p>UNIVERSIDAD americana DE paraguaY A Universidade Americana (em castelhano: Universidad Americana) \u00e9 uma universidade em Assun\u00e7\u00e3o, capital do Paraguai. Teve a sua origem no Instituto de Capacita\u00e7\u00e3o e Desenvolvimento Empresarial INCADE, associa\u00e7\u00e3o civil sem fins lucrativos, cuja proposta foi promover a funda\u00e7\u00e3o de uma universidade que se constitu\u00edsse num lugar de forma\u00e7\u00e3o ensino e cultivo [&hellip;]<\/p>\n","protected":false},"author":1,"featured_media":0,"parent":0,"menu_order":0,"comment_status":"closed","ping_status":"closed","template":"elementor_header_footer","meta":{"footnotes":"","_joinchat":[]},"_links":{"self":[{"href":"https:\/\/biposgrado.com\/index.php\/wp-json\/wp\/v2\/pages\/631"}],"collection":[{"href":"https:\/\/biposgrado.com\/index.php\/wp-json\/wp\/v2\/pages"}],"about":[{"href":"https:\/\/biposgrado.com\/index.php\/wp-json\/wp\/v2\/types\/page"}],"author":[{"embeddable":true,"href":"https:\/\/biposgrado.com\/index.php\/wp-json\/wp\/v2\/users\/1"}],"replies":[{"embeddable":true,"href":"https:\/\/biposgrado.com\/index.php\/wp-json\/wp\/v2\/comments?post=631"}],"version-history":[{"count":16,"href":"https:\/\/biposgrado.com\/index.php\/wp-json\/wp\/v2\/pages\/631\/revisions"}],"predecessor-version":[{"id":753,"href":"https:\/\/biposgrado.com\/index.php\/wp-json\/wp\/v2\/pages\/631\/revisions\/753"}],"wp:attachment":[{"href":"https:\/\/biposgrado.com\/index.php\/wp-json\/wp\/v2\/media?parent=631"}],"curies":[{"name":"wp","href":"https:\/\/api.w.org\/{rel}","templated":true}]}}