{"id":642,"date":"2023-09-14T19:30:57","date_gmt":"2023-09-14T22:30:57","guid":{"rendered":"https:\/\/biposgrado.com\/?page_id=642"},"modified":"2023-09-17T19:50:31","modified_gmt":"2023-09-17T22:50:31","slug":"universidad-autonoma-de-assuncion","status":"publish","type":"page","link":"https:\/\/biposgrado.com\/index.php\/universidad-autonoma-de-assuncion\/","title":{"rendered":"Universidad autonoma de assuncion"},"content":{"rendered":"\t\t<div data-elementor-type=\"wp-page\" data-elementor-id=\"642\" class=\"elementor elementor-642\" data-elementor-post-type=\"page\">\n\t\t\t\t\t\t\t<div class=\"elementor-element elementor-element-b4b96ce e-flex e-con-boxed e-con\" data-id=\"b4b96ce\" data-element_type=\"container\" data-settings=\"{&quot;content_width&quot;:&quot;boxed&quot;}\">\n\t\t\t\t\t<div class=\"e-con-inner\">\n\t\t\t\t<div class=\"elementor-element elementor-element-e31bbd4 elementor-widget elementor-widget-text-editor\" data-id=\"e31bbd4\" data-element_type=\"widget\" data-widget_type=\"text-editor.default\">\n\t\t\t\t<div class=\"elementor-widget-container\">\n\t\t\t<style>\/*! elementor - v3.15.0 - 20-08-2023 *\/\n.elementor-widget-text-editor.elementor-drop-cap-view-stacked .elementor-drop-cap{background-color:#69727d;color:#fff}.elementor-widget-text-editor.elementor-drop-cap-view-framed .elementor-drop-cap{color:#69727d;border:3px solid;background-color:transparent}.elementor-widget-text-editor:not(.elementor-drop-cap-view-default) .elementor-drop-cap{margin-top:8px}.elementor-widget-text-editor:not(.elementor-drop-cap-view-default) .elementor-drop-cap-letter{width:1em;height:1em}.elementor-widget-text-editor .elementor-drop-cap{float:left;text-align:center;line-height:1;font-size:50px}.elementor-widget-text-editor .elementor-drop-cap-letter{display:inline-block}<\/style>\t\t\t\t<h2 style=\"margin-top: 0px; margin-bottom: 5px; line-height: 1px; font-size: 14px; font-family: Poppins, sans-serif; padding: 0px; letter-spacing: 2px; text-transform: uppercase; color: #aaaaaa; text-align: left;\">UNIVERSIDAD aut\u00d3noma de asunci\u00f3n &#8211; uaa<\/h2>\t\t\t\t\t\t<\/div>\n\t\t\t\t<\/div>\n\t\t\t\t<div class=\"elementor-element elementor-element-0f38f4d elementor-widget elementor-widget-text-editor\" data-id=\"0f38f4d\" data-element_type=\"widget\" data-widget_type=\"text-editor.default\">\n\t\t\t\t<div class=\"elementor-widget-container\">\n\t\t\t\t\t\t\t<h5 style=\"margin-top: 0px; margin-bottom: 0.5rem; line-height: 1.2; font-size: 1.25rem; font-family: Raleway, sans-serif; color: #444444; letter-spacing: normal; text-align: left;\"><span style=\"font-weight: bolder;\">A UNIVERSIDADE<\/span>&nbsp;\u00e9 comprovadamente uma das&nbsp;<span style=\"font-weight: bolder;\">melhores universidades da Am\u00e9rica Latina<\/span>, estando entre as primeiras colocadas no ranking das&nbsp;<span style=\"font-weight: bolder;\">melhores universidades do MERCOSUL<\/span>&nbsp;e sendo a&nbsp;<span style=\"font-weight: bolder;\">primeira colocada no Paraguai<\/span>.<\/h5>\n<div><br><\/div>\n<p style=\"margin-bottom: 0px; font-size: 36px; font-weight: bold; text-transform: uppercase; font-family: Poppins, sans-serif; color: #37423b;\">\n<\/p><p style=\"margin-bottom: 0px; font-size: 36px; font-weight: bold; text-transform: uppercase; font-family: Poppins, sans-serif; color: #37423b;\">\n<\/p><h5 style=\"margin-top: 0px; margin-bottom: 0.5rem; line-height: 1.2; font-size: 1.25rem; font-family: Raleway, sans-serif; color: #444444; letter-spacing: normal; text-align: left;\">Possui moderna infraestrutura, com acesso a internet gratuito em todo o campus, campus esportivo onde os alunos podem desfrutar nos finais de semana das quadras e piscinas, possui corpo docente formado por professores de diversos pa\u00edses, proporcionando excel\u00eancia no ensino, possuindo conv\u00eanios internacionais com v\u00e1rios outros pa\u00edses.<\/h5>\n<div><br><\/div>\n<div>&nbsp;<span style=\"font-family: Raleway, sans-serif; font-size: 1.25rem;\">Todos os cursos s\u00e3o reconhecidos pelo Minist\u00e9rio da Educa\u00e7\u00e3o e pelo conselho das Universidades da Rep\u00fablica do Paraguai, possuindo car\u00e1ter totalmente legal, facilitando a convalida\u00e7\u00e3o dos t\u00edtulos no Brasil, quando necess\u00e1rio, inclusive, j\u00e1 foram reconhecidos certificados no Brasil nas universidades.<\/span><span style=\"color: var( --e-global-color-text ); font-family: var( --e-global-typography-text-font-family ), Sans-serif; font-weight: var( --e-global-typography-text-font-weight ); text-align: var(--text-align); letter-spacing: 0px;\">&nbsp;<\/span><br><span style=\"color: var( --e-global-color-text ); font-family: var( --e-global-typography-text-font-family ), Sans-serif; font-weight: var( --e-global-typography-text-font-weight ); text-align: var(--text-align); letter-spacing: 0px;\"><br><\/span><\/div>\n<p style=\"margin-bottom: 0px; font-size: 36px; font-weight: bold; text-transform: uppercase; font-family: Poppins, sans-serif; color: #37423b;\">\n<\/p><p style=\"margin-bottom: 0px; font-size: 36px; font-weight: bold; text-transform: uppercase; font-family: Poppins, sans-serif; color: #37423b;\">\n<\/p><h5 style=\"margin-top: 0px; margin-bottom: 0.5rem; line-height: 1.2; font-size: 1.25rem; font-family: Raleway, sans-serif; color: #444444; letter-spacing: normal; text-align: left;\">A Universidade tem sua origem em uma escola de neg\u00f3cios: a Escola de Administra\u00e7\u00e3o de Empresas (EFSA ), fundada em 1978, com o objetivo de desenvolver recursos humanos para a gest\u00e3o de empresas.&nbsp;<\/h5>\n<div><br><\/div>\n<p style=\"margin-bottom: 0px; font-size: 36px; font-weight: bold; text-transform: uppercase; font-family: Poppins, sans-serif; color: #37423b;\">\n<\/p><p style=\"margin-bottom: 0px; font-size: 36px; font-weight: bold; text-transform: uppercase; font-family: Poppins, sans-serif; color: #37423b;\">\n<\/p><h5 style=\"margin-top: 0px; margin-bottom: 0.5rem; line-height: 1.2; font-size: 1.25rem; font-family: Raleway, sans-serif; color: #444444; letter-spacing: normal; text-align: left;\">Constitui\u00e7\u00e3o legal&nbsp; A Ordem Executiva n \u00ba 11.615 que autoriza o funcionamento da \u201cUniversidade Aut\u00f3noma de Asunci\u00f3n \u201c, como de 14 de Novembro de 1991.&nbsp;<\/h5>\n<div><br><\/div>\n<p style=\"margin-bottom: 0px; font-size: 36px; font-weight: bold; text-transform: uppercase; font-family: Poppins, sans-serif; color: #37423b;\">\n<\/p><p style=\"margin-bottom: 0px; font-size: 36px; font-weight: bold; text-transform: uppercase; font-family: Poppins, sans-serif; color: #37423b;\">\n<\/p><h5 style=\"margin-top: 0px; margin-bottom: 0.5rem; line-height: 1.2; font-size: 1.25rem; font-family: Raleway, sans-serif; color: #444444; letter-spacing: normal; text-align: left;\"><span style=\"font-size: 1.25rem;\">Fonte:&nbsp;<\/span><a href=\"https:\/\/www.uaa.edu.py\/\" style=\"font-size: 1.25rem; background-color: white; color: rgb(210, 199, 38);\">https:\/\/pt.wikipedia.org\/wiki\/<\/a><br><\/h5>\t\t\t\t\t\t<\/div>\n\t\t\t\t<\/div>\n\t\t\t\t<div class=\"elementor-element elementor-element-abb20c4 elementor-widget elementor-widget-heading\" data-id=\"abb20c4\" data-element_type=\"widget\" data-widget_type=\"heading.default\">\n\t\t\t\t<div class=\"elementor-widget-container\">\n\t\t\t<style>\/*! elementor - v3.15.0 - 20-08-2023 *\/\n.elementor-heading-title{padding:0;margin:0;line-height:1}.elementor-widget-heading .elementor-heading-title[class*=elementor-size-]>a{color:inherit;font-size:inherit;line-height:inherit}.elementor-widget-heading .elementor-heading-title.elementor-size-small{font-size:15px}.elementor-widget-heading .elementor-heading-title.elementor-size-medium{font-size:19px}.elementor-widget-heading .elementor-heading-title.elementor-size-large{font-size:29px}.elementor-widget-heading .elementor-heading-title.elementor-size-xl{font-size:39px}.elementor-widget-heading .elementor-heading-title.elementor-size-xxl{font-size:59px}<\/style><h2 class=\"elementor-heading-title elementor-size-default\"><span style=\"color: rgb(55, 66, 59); font-family: Poppins, sans-serif; font-size: 36px; text-transform: uppercase; white-space-collapse: collapse;\">CURSOS<\/span><\/h2>\t\t<\/div>\n\t\t\t\t<\/div>\n\t\t\t\t<div class=\"elementor-element elementor-element-f39d081 elementor-icon-list--layout-traditional elementor-list-item-link-full_width elementor-widget elementor-widget-icon-list\" data-id=\"f39d081\" data-element_type=\"widget\" data-widget_type=\"icon-list.default\">\n\t\t\t\t<div class=\"elementor-widget-container\">\n\t\t\t<link rel=\"stylesheet\" href=\"https:\/\/biposgrado.com\/wp-content\/plugins\/elementor\/assets\/css\/widget-icon-list.min.css\">\t\t<ul class=\"elementor-icon-list-items\">\n\t\t\t\t\t\t\t<li class=\"elementor-icon-list-item\">\n\t\t\t\t\t\t\t\t\t\t\t<span class=\"elementor-icon-list-icon\">\n\t\t\t\t\t\t\t<i aria-hidden=\"true\" class=\"fas fa-angle-right\"><\/i>\t\t\t\t\t\t<\/span>\n\t\t\t\t\t\t\t\t\t\t<span class=\"elementor-icon-list-text\">Mestrado e Doutorado em Educa\u00e7\u00e3o<\/span>\n\t\t\t\t\t\t\t\t\t<\/li>\n\t\t\t\t\t\t\t\t<li class=\"elementor-icon-list-item\">\n\t\t\t\t\t\t\t\t\t\t\t<span class=\"elementor-icon-list-icon\">\n\t\t\t\t\t\t\t<i aria-hidden=\"true\" class=\"fas fa-angle-right\"><\/i>\t\t\t\t\t\t<\/span>\n\t\t\t\t\t\t\t\t\t\t<span class=\"elementor-icon-list-text\">Mestrado em Direito Internacional<\/span>\n\t\t\t\t\t\t\t\t\t<\/li>\n\t\t\t\t\t\t\t\t<li class=\"elementor-icon-list-item\">\n\t\t\t\t\t\t\t\t\t\t\t<span class=\"elementor-icon-list-icon\">\n\t\t\t\t\t\t\t<i aria-hidden=\"true\" class=\"fas fa-angle-right\"><\/i>\t\t\t\t\t\t<\/span>\n\t\t\t\t\t\t\t\t\t\t<span class=\"elementor-icon-list-text\">Mestrado em Sa\u00fade P\u00fablica<\/span>\n\t\t\t\t\t\t\t\t\t<\/li>\n\t\t\t\t\t\t<\/ul>\n\t\t\t\t<\/div>\n\t\t\t\t<\/div>\n\t\t\t\t\t<\/div>\n\t\t\t\t<\/div>\n\t\t\t\t\t\t\t<\/div>\n\t\t","protected":false},"excerpt":{"rendered":"<p>UNIVERSIDAD aut\u00d3noma de asunci\u00f3n &#8211; uaa A UNIVERSIDADE&nbsp;\u00e9 comprovadamente uma das&nbsp;melhores universidades da Am\u00e9rica Latina, estando entre as primeiras colocadas no ranking das&nbsp;melhores universidades do MERCOSUL&nbsp;e sendo a&nbsp;primeira colocada no Paraguai. Possui moderna infraestrutura, com acesso a internet gratuito em todo o campus, campus esportivo onde os alunos podem desfrutar nos finais de semana das [&hellip;]<\/p>\n","protected":false},"author":1,"featured_media":0,"parent":0,"menu_order":0,"comment_status":"closed","ping_status":"closed","template":"elementor_header_footer","meta":{"footnotes":"","_joinchat":[]},"_links":{"self":[{"href":"https:\/\/biposgrado.com\/index.php\/wp-json\/wp\/v2\/pages\/642"}],"collection":[{"href":"https:\/\/biposgrado.com\/index.php\/wp-json\/wp\/v2\/pages"}],"about":[{"href":"https:\/\/biposgrado.com\/index.php\/wp-json\/wp\/v2\/types\/page"}],"author":[{"embeddable":true,"href":"https:\/\/biposgrado.com\/index.php\/wp-json\/wp\/v2\/users\/1"}],"replies":[{"embeddable":true,"href":"https:\/\/biposgrado.com\/index.php\/wp-json\/wp\/v2\/comments?post=642"}],"version-history":[{"count":25,"href":"https:\/\/biposgrado.com\/index.php\/wp-json\/wp\/v2\/pages\/642\/revisions"}],"predecessor-version":[{"id":747,"href":"https:\/\/biposgrado.com\/index.php\/wp-json\/wp\/v2\/pages\/642\/revisions\/747"}],"wp:attachment":[{"href":"https:\/\/biposgrado.com\/index.php\/wp-json\/wp\/v2\/media?parent=642"}],"curies":[{"name":"wp","href":"https:\/\/api.w.org\/{rel}","templated":true}]}}