{"id":679,"date":"2023-09-14T19:54:17","date_gmt":"2023-09-14T22:54:17","guid":{"rendered":"https:\/\/biposgrado.com\/?page_id=679"},"modified":"2023-09-14T20:15:46","modified_gmt":"2023-09-14T23:15:46","slug":"universidad-del-sol","status":"publish","type":"page","link":"https:\/\/biposgrado.com\/index.php\/universidad-del-sol\/","title":{"rendered":"Universidad del Sol"},"content":{"rendered":"\t\t<div data-elementor-type=\"wp-page\" data-elementor-id=\"679\" class=\"elementor elementor-679\" data-elementor-post-type=\"page\">\n\t\t\t\t\t\t\t<div class=\"elementor-element elementor-element-b4b96ce e-flex e-con-boxed e-con\" data-id=\"b4b96ce\" data-element_type=\"container\" data-settings=\"{&quot;content_width&quot;:&quot;boxed&quot;}\">\n\t\t\t\t\t<div class=\"e-con-inner\">\n\t\t\t\t<div class=\"elementor-element elementor-element-e31bbd4 elementor-widget elementor-widget-text-editor\" data-id=\"e31bbd4\" data-element_type=\"widget\" data-widget_type=\"text-editor.default\">\n\t\t\t\t<div class=\"elementor-widget-container\">\n\t\t\t<style>\/*! elementor - v3.15.0 - 20-08-2023 *\/\n.elementor-widget-text-editor.elementor-drop-cap-view-stacked .elementor-drop-cap{background-color:#69727d;color:#fff}.elementor-widget-text-editor.elementor-drop-cap-view-framed .elementor-drop-cap{color:#69727d;border:3px solid;background-color:transparent}.elementor-widget-text-editor:not(.elementor-drop-cap-view-default) .elementor-drop-cap{margin-top:8px}.elementor-widget-text-editor:not(.elementor-drop-cap-view-default) .elementor-drop-cap-letter{width:1em;height:1em}.elementor-widget-text-editor .elementor-drop-cap{float:left;text-align:center;line-height:1;font-size:50px}.elementor-widget-text-editor .elementor-drop-cap-letter{display:inline-block}<\/style>\t\t\t\t<h2 style=\"margin-top: 0px; margin-bottom: 5px; line-height: 1px; font-size: 14px; font-family: Poppins, sans-serif; padding: 0px; letter-spacing: 2px; text-transform: uppercase; color: #aaaaaa; text-align: left;\">Universidad del sol<\/h2>\t\t\t\t\t\t<\/div>\n\t\t\t\t<\/div>\n\t\t\t\t<div class=\"elementor-element elementor-element-0f38f4d elementor-widget elementor-widget-text-editor\" data-id=\"0f38f4d\" data-element_type=\"widget\" data-widget_type=\"text-editor.default\">\n\t\t\t\t<div class=\"elementor-widget-container\">\n\t\t\t\t\t\t\t<h5 style=\"margin-top: 0px; margin-bottom: 0.5rem; line-height: 1.2; text-align: left;\"><font color=\"#444444\" face=\"Raleway, sans-serif\"><span style=\"font-size: 20px;\">Em respeito \u00e0s metas definidas pelo Brasil, e, que tamb\u00e9m est\u00e3o na base do Acordo de Asunci\u00f3n, 1996, quando o pa\u00eds se tornou signat\u00e1rio desse acordo de coopera\u00e7\u00e3o comercial e, claro, tamb\u00e9m, no \u00e2mbito educacional, formalizado no Acordo de Admiss\u00e3o de T\u00edtulos e Graus Universit\u00e1rios para o Exerc\u00edcio de Atividades Acad\u00eamicas nos Estados do Mercosul, em 14 de junho de 1999, conforme o Artigo 1\u00ba do Decreto n\u00ba 5518 de 2005. Esses aspectos legais, impulsionaram a Universidad del Sol a disponibilizar seus cursos de Gradua\u00e7\u00e3o e P\u00f3s-Gradua\u00e7\u00e3o em sistema fechado para alunos do Brasil, onde eles podem fazer seus cursos com professores, que conhecem a realidade educacional brasileira e, sobremaneira o lugar da pesquisa cient\u00edfica como uma premissa fundamental para o desenvolvimento de \u00e1reas de ensino capazes de otimizar o progresso nacional, a parir dos conhecimentos globalizados de seus profissionais.<\/span><\/font><\/h5><h5 style=\"margin-top: 0px; margin-bottom: 0.5rem; line-height: 1.2; text-align: left;\"><font color=\"#444444\" face=\"Raleway, sans-serif\"><span style=\"font-size: 20px;\"><br><\/span><\/font><\/h5><h5 style=\"margin-top: 0px; margin-bottom: 0.5rem; line-height: 1.2; text-align: left;\"><font color=\"#444444\" face=\"Raleway, sans-serif\"><span style=\"font-size: 20px;\">Quanto aos professores que atuam no programa, a Universidad del Sol: UNADES, conta com um corpo docente de primeira linha, com doutores e mestres de alto n\u00edvel, a UNADES conta com professores convidados do Brasil e de outros pa\u00edses, e, claro, doutores paraguaios. Todos eles t\u00eam vasta experi\u00eancia em produ\u00e7\u00e3o cient\u00edfica para atender aos requisitos do \u201cModelo de Pesquisa do Brasil\u201d. Essa estrat\u00e9gia comum \u00e0 universidades com vis\u00e3o de futuro, permitem que as disserta\u00e7\u00f5es de mestrado e teses de doutorado atingem os requisitos n\u00e3o apenas, da pesquisa comum ao Brasil, mas tamb\u00e9m, de outros pa\u00edses.<\/span><\/font><\/h5>\n<div>&nbsp;<\/div>\n<h5 style=\"margin-top: 0px; margin-bottom: 0.5rem; line-height: 1.2; font-size: 1.25rem; font-family: Raleway, sans-serif; color: #444444; letter-spacing: normal; text-align: left;\">Fonte:&nbsp;<a style=\"color: #d2c726;\" href=\"https:\/\/www.unades.edu.py\/\">https:\/\/ude.edu.uy\/conoce-ude\/<\/a><\/h5>\t\t\t\t\t\t<\/div>\n\t\t\t\t<\/div>\n\t\t\t\t<div class=\"elementor-element elementor-element-abb20c4 elementor-widget elementor-widget-heading\" data-id=\"abb20c4\" data-element_type=\"widget\" data-widget_type=\"heading.default\">\n\t\t\t\t<div class=\"elementor-widget-container\">\n\t\t\t<style>\/*! elementor - v3.15.0 - 20-08-2023 *\/\n.elementor-heading-title{padding:0;margin:0;line-height:1}.elementor-widget-heading .elementor-heading-title[class*=elementor-size-]>a{color:inherit;font-size:inherit;line-height:inherit}.elementor-widget-heading .elementor-heading-title.elementor-size-small{font-size:15px}.elementor-widget-heading .elementor-heading-title.elementor-size-medium{font-size:19px}.elementor-widget-heading .elementor-heading-title.elementor-size-large{font-size:29px}.elementor-widget-heading .elementor-heading-title.elementor-size-xl{font-size:39px}.elementor-widget-heading .elementor-heading-title.elementor-size-xxl{font-size:59px}<\/style><h2 class=\"elementor-heading-title elementor-size-default\"><span style=\"color: rgb(55, 66, 59); font-family: Poppins, sans-serif; font-size: 36px; text-transform: uppercase; white-space-collapse: collapse;\">CURSOS<\/span><\/h2>\t\t<\/div>\n\t\t\t\t<\/div>\n\t\t\t\t<div class=\"elementor-element elementor-element-f39d081 elementor-icon-list--layout-traditional elementor-list-item-link-full_width elementor-widget elementor-widget-icon-list\" data-id=\"f39d081\" data-element_type=\"widget\" data-widget_type=\"icon-list.default\">\n\t\t\t\t<div class=\"elementor-widget-container\">\n\t\t\t<link rel=\"stylesheet\" href=\"https:\/\/biposgrado.com\/wp-content\/plugins\/elementor\/assets\/css\/widget-icon-list.min.css\">\t\t<ul class=\"elementor-icon-list-items\">\n\t\t\t\t\t\t\t<li class=\"elementor-icon-list-item\">\n\t\t\t\t\t\t\t\t\t\t\t<span class=\"elementor-icon-list-icon\">\n\t\t\t\t\t\t\t<i aria-hidden=\"true\" class=\"fas fa-angle-right\"><\/i>\t\t\t\t\t\t<\/span>\n\t\t\t\t\t\t\t\t\t\t<span class=\"elementor-icon-list-text\">Mestrado e Doutorado em Sa\u00fade P\u00fablica<\/span>\n\t\t\t\t\t\t\t\t\t<\/li>\n\t\t\t\t\t\t\t\t<li class=\"elementor-icon-list-item\">\n\t\t\t\t\t\t\t\t\t\t\t<span class=\"elementor-icon-list-icon\">\n\t\t\t\t\t\t\t<i aria-hidden=\"true\" class=\"fas fa-angle-right\"><\/i>\t\t\t\t\t\t<\/span>\n\t\t\t\t\t\t\t\t\t\t<span class=\"elementor-icon-list-text\">Mestrado em Enfermagem<\/span>\n\t\t\t\t\t\t\t\t\t<\/li>\n\t\t\t\t\t\t\t\t<li class=\"elementor-icon-list-item\">\n\t\t\t\t\t\t\t\t\t\t\t<span class=\"elementor-icon-list-icon\">\n\t\t\t\t\t\t\t<i aria-hidden=\"true\" class=\"fas fa-angle-right\"><\/i>\t\t\t\t\t\t<\/span>\n\t\t\t\t\t\t\t\t\t\t<span class=\"elementor-icon-list-text\">Mestrado em Administra\u00e7\u00e3o Hospitalar<\/span>\n\t\t\t\t\t\t\t\t\t<\/li>\n\t\t\t\t\t\t\t\t<li class=\"elementor-icon-list-item\">\n\t\t\t\t\t\t\t\t\t\t\t<span class=\"elementor-icon-list-icon\">\n\t\t\t\t\t\t\t<i aria-hidden=\"true\" class=\"fas fa-angle-right\"><\/i>\t\t\t\t\t\t<\/span>\n\t\t\t\t\t\t\t\t\t\t<span class=\"elementor-icon-list-text\">Mestrado em Criminal\u00edstica e Ci\u00eancias Forenses<\/span>\n\t\t\t\t\t\t\t\t\t<\/li>\n\t\t\t\t\t\t\t\t<li class=\"elementor-icon-list-item\">\n\t\t\t\t\t\t\t\t\t\t\t<span class=\"elementor-icon-list-icon\">\n\t\t\t\t\t\t\t<i aria-hidden=\"true\" class=\"fas fa-angle-right\"><\/i>\t\t\t\t\t\t<\/span>\n\t\t\t\t\t\t\t\t\t\t<span class=\"elementor-icon-list-text\">Mestrado e Doutorado em Ci\u00eancias da Educa\u00e7\u00e3o<\/span>\n\t\t\t\t\t\t\t\t\t<\/li>\n\t\t\t\t\t\t<\/ul>\n\t\t\t\t<\/div>\n\t\t\t\t<\/div>\n\t\t\t\t\t<\/div>\n\t\t\t\t<\/div>\n\t\t\t\t\t\t\t<\/div>\n\t\t","protected":false},"excerpt":{"rendered":"<p>Universidad del sol Em respeito \u00e0s metas definidas pelo Brasil, e, que tamb\u00e9m est\u00e3o na base do Acordo de Asunci\u00f3n, 1996, quando o pa\u00eds se tornou signat\u00e1rio desse acordo de coopera\u00e7\u00e3o comercial e, claro, tamb\u00e9m, no \u00e2mbito educacional, formalizado no Acordo de Admiss\u00e3o de T\u00edtulos e Graus Universit\u00e1rios para o Exerc\u00edcio de Atividades Acad\u00eamicas nos [&hellip;]<\/p>\n","protected":false},"author":1,"featured_media":0,"parent":0,"menu_order":0,"comment_status":"closed","ping_status":"closed","template":"elementor_header_footer","meta":{"footnotes":"","_joinchat":[]},"_links":{"self":[{"href":"https:\/\/biposgrado.com\/index.php\/wp-json\/wp\/v2\/pages\/679"}],"collection":[{"href":"https:\/\/biposgrado.com\/index.php\/wp-json\/wp\/v2\/pages"}],"about":[{"href":"https:\/\/biposgrado.com\/index.php\/wp-json\/wp\/v2\/types\/page"}],"author":[{"embeddable":true,"href":"https:\/\/biposgrado.com\/index.php\/wp-json\/wp\/v2\/users\/1"}],"replies":[{"embeddable":true,"href":"https:\/\/biposgrado.com\/index.php\/wp-json\/wp\/v2\/comments?post=679"}],"version-history":[{"count":15,"href":"https:\/\/biposgrado.com\/index.php\/wp-json\/wp\/v2\/pages\/679\/revisions"}],"predecessor-version":[{"id":715,"href":"https:\/\/biposgrado.com\/index.php\/wp-json\/wp\/v2\/pages\/679\/revisions\/715"}],"wp:attachment":[{"href":"https:\/\/biposgrado.com\/index.php\/wp-json\/wp\/v2\/media?parent=679"}],"curies":[{"name":"wp","href":"https:\/\/api.w.org\/{rel}","templated":true}]}}